{"id":1060,"date":"2019-06-19T09:03:20","date_gmt":"2019-06-19T07:03:20","guid":{"rendered":"https:\/\/allprint.pl\/?page_id=1060"},"modified":"2019-06-19T09:06:06","modified_gmt":"2019-06-19T07:06:06","slug":"subliflock","status":"publish","type":"page","link":"https:\/\/allprint.pl\/index.php\/subliflock\/","title":{"rendered":"Subliflock"},"content":{"rendered":"<p><img loading=\"lazy\" decoding=\"async\" width=\"749\" height=\"906\" src=\"https:\/\/allprint.pl\/wp-content\/uploads\/2019\/05\/Jetflock.jpg\" alt=\"\" srcset=\"https:\/\/allprint.pl\/wp-content\/uploads\/2019\/05\/Jetflock.jpg 749w, https:\/\/allprint.pl\/wp-content\/uploads\/2019\/05\/Jetflock-248x300.jpg 248w, https:\/\/allprint.pl\/wp-content\/uploads\/2019\/05\/Jetflock-500x605.jpg 500w, https:\/\/allprint.pl\/wp-content\/uploads\/2019\/05\/Jetflock-300x363.jpg 300w, https:\/\/allprint.pl\/wp-content\/uploads\/2019\/05\/Jetflock-600x726.jpg 600w\" sizes=\"auto, (max-width: 749px) 100vw, 749px\" \/>\t\t\t\t\t\t\t\t\t\t\t<\/p>\n<h2>Druk sublimacyjny na tkaninach<\/h2>\n<p>Folia zamszowa Subli-Flock do przenoszenia nadruk\u00f3w sublimacyjnych na tkaniny.<\/p>\n<p>Folia transferowa Flock &#8222;z meszkiem&#8221; do druku sublimacyjnego stosowana jest na jasne i ciemne tkaniny bawe\u0142niane, poliestrowe, mieszane, etc.<\/p>\n<p>Przy pomocy folii Subli-Flock mo\u017cna wykona\u0107 aplikacje na koszulki, kurtki itp. Mog\u0105 to by\u0107 numery, napisy, logotypy.<\/p>\n<p>Naniesiony na foli\u0119 druk mo\u017cna wyci\u0105\u0107 po obrysie przy pomocy plotera tn\u0105cego.<\/p>\n<p>Odzie\u017c z aplikacj\u0105 wykonan\u0105 foli\u0105 Subli-Flock mo\u017cna pra\u0107 ponad 50 razy bez pogorszenia jako\u015bci obrazu.<\/p>\n<p>\u00a0<\/p>\n","protected":false},"excerpt":{"rendered":"<p>Druk sublimacyjny na tkaninach Folia zamszowa Subli-Flock do przenoszenia nadruk\u00f3w sublimacyjnych na tkaniny. Folia transferowa Flock &#8222;z meszkiem&#8221; do druku sublimacyjnego stosowana jest na jasne i ciemne tkaniny bawe\u0142niane, poliestrowe, mieszane, etc. Przy pomocy folii Subli-Flock mo\u017cna wykona\u0107 aplikacje na koszulki, kurtki itp. Mog\u0105 to by\u0107 numery, napisy, logotypy. Naniesiony na foli\u0119 druk mo\u017cna wyci\u0105\u0107 [&hellip;]<\/p>\n","protected":false},"author":1,"featured_media":0,"parent":0,"menu_order":0,"comment_status":"closed","ping_status":"closed","template":"","meta":{"footnotes":""},"class_list":["post-1060","page","type-page","status-publish","hentry","entry"],"_links":{"self":[{"href":"https:\/\/allprint.pl\/index.php\/wp-json\/wp\/v2\/pages\/1060","targetHints":{"allow":["GET"]}}],"collection":[{"href":"https:\/\/allprint.pl\/index.php\/wp-json\/wp\/v2\/pages"}],"about":[{"href":"https:\/\/allprint.pl\/index.php\/wp-json\/wp\/v2\/types\/page"}],"author":[{"embeddable":true,"href":"https:\/\/allprint.pl\/index.php\/wp-json\/wp\/v2\/users\/1"}],"replies":[{"embeddable":true,"href":"https:\/\/allprint.pl\/index.php\/wp-json\/wp\/v2\/comments?post=1060"}],"version-history":[{"count":4,"href":"https:\/\/allprint.pl\/index.php\/wp-json\/wp\/v2\/pages\/1060\/revisions"}],"predecessor-version":[{"id":1087,"href":"https:\/\/allprint.pl\/index.php\/wp-json\/wp\/v2\/pages\/1060\/revisions\/1087"}],"wp:attachment":[{"href":"https:\/\/allprint.pl\/index.php\/wp-json\/wp\/v2\/media?parent=1060"}],"curies":[{"name":"wp","href":"https:\/\/api.w.org\/{rel}","templated":true}]}}