{"id":148,"date":"2019-03-26T08:10:16","date_gmt":"2019-03-26T07:10:16","guid":{"rendered":"http:\/\/wordpress1938779.home.pl\/autoinstalator\/wordpresswoocommerce\/?page_id=148"},"modified":"2019-04-03T15:40:06","modified_gmt":"2019-04-03T13:40:06","slug":"uslugi","status":"publish","type":"page","link":"https:\/\/allprint.pl\/index.php\/uslugi\/","title":{"rendered":"Us\u0142ugi"},"content":{"rendered":"<p><img loading=\"lazy\" decoding=\"async\" width=\"768\" height=\"415\" src=\"http:\/\/wordpress1938779.home.pl\/autoinstalator\/wordpresswoocommerce\/wp-content\/uploads\/2019\/03\/banner-768x415.jpg\" alt=\"\" srcset=\"http:\/\/wordpress1938779.home.pl\/autoinstalator\/wordpresswoocommerce\/wp-content\/uploads\/2019\/03\/banner-768x415.jpg 768w, http:\/\/wordpress1938779.home.pl\/autoinstalator\/wordpresswoocommerce\/wp-content\/uploads\/2019\/03\/banner-324x175.jpg 324w, http:\/\/wordpress1938779.home.pl\/autoinstalator\/wordpresswoocommerce\/wp-content\/uploads\/2019\/03\/banner-300x162.jpg 300w, http:\/\/wordpress1938779.home.pl\/autoinstalator\/wordpresswoocommerce\/wp-content\/uploads\/2019\/03\/banner-500x270.jpg 500w, http:\/\/wordpress1938779.home.pl\/autoinstalator\/wordpresswoocommerce\/wp-content\/uploads\/2019\/03\/banner-416x225.jpg 416w, http:\/\/wordpress1938779.home.pl\/autoinstalator\/wordpresswoocommerce\/wp-content\/uploads\/2019\/03\/banner.jpg 923w\" sizes=\"auto, (max-width: 768px) 100vw, 768px\" \/>\t\t\t\t\t\t\t\t\t\t\t<\/p>\n<h3>\n\t\t\t\t\tInspirujemy<br \/>\n\t\t\t\t<\/h3>\n<p>Poznaj\u0105c zagadnienie rozszerzymy spektrum mo\u017cliwo\u015bci.<\/p>\n<h5>\n<h2>Rozwa\u017cymy<\/h2>\n<\/h5>\n<p>Twoj\u0105 wizj\u0119 sprowadzimy do reali\u00f3w poligrafii.<\/p>\n<h5>\n<h2>Oceniamy<\/h2>\n<\/h5>\n<p>Zaproponujemy najbardziej ekonomiczne rozwi\u0105zanie.\u200b<\/p>\n<h3>\n\t\t\t\t\tRealizujemy<br \/>\n\t\t\t\t<\/h3>\n<p>Wykonamy Tw\u00f3j pomys\u0142 na podstawie rozmowy lub dostarczonych materia\u0142\u00f3w.<\/p>\n","protected":false},"excerpt":{"rendered":"<p>Inspirujemy Poznaj\u0105c zagadnienie rozszerzymy spektrum mo\u017cliwo\u015bci. Rozwa\u017cymy Twoj\u0105 wizj\u0119 sprowadzimy do reali\u00f3w poligrafii. Oceniamy Zaproponujemy najbardziej ekonomiczne rozwi\u0105zanie.\u200b Realizujemy Wykonamy Tw\u00f3j pomys\u0142 na podstawie rozmowy lub dostarczonych materia\u0142\u00f3w.<\/p>\n","protected":false},"author":1,"featured_media":0,"parent":0,"menu_order":0,"comment_status":"closed","ping_status":"closed","template":"","meta":{"footnotes":""},"class_list":["post-148","page","type-page","status-publish","hentry","entry"],"_links":{"self":[{"href":"https:\/\/allprint.pl\/index.php\/wp-json\/wp\/v2\/pages\/148","targetHints":{"allow":["GET"]}}],"collection":[{"href":"https:\/\/allprint.pl\/index.php\/wp-json\/wp\/v2\/pages"}],"about":[{"href":"https:\/\/allprint.pl\/index.php\/wp-json\/wp\/v2\/types\/page"}],"author":[{"embeddable":true,"href":"https:\/\/allprint.pl\/index.php\/wp-json\/wp\/v2\/users\/1"}],"replies":[{"embeddable":true,"href":"https:\/\/allprint.pl\/index.php\/wp-json\/wp\/v2\/comments?post=148"}],"version-history":[{"count":12,"href":"https:\/\/allprint.pl\/index.php\/wp-json\/wp\/v2\/pages\/148\/revisions"}],"predecessor-version":[{"id":256,"href":"https:\/\/allprint.pl\/index.php\/wp-json\/wp\/v2\/pages\/148\/revisions\/256"}],"wp:attachment":[{"href":"https:\/\/allprint.pl\/index.php\/wp-json\/wp\/v2\/media?parent=148"}],"curies":[{"name":"wp","href":"https:\/\/api.w.org\/{rel}","templated":true}]}}