{"id":209,"date":"2019-04-02T18:01:41","date_gmt":"2019-04-02T16:01:41","guid":{"rendered":"http:\/\/wordpress1938779.home.pl\/autoinstalator\/wordpresswoocommerce\/?page_id=209"},"modified":"2021-02-10T17:12:02","modified_gmt":"2021-02-10T16:12:02","slug":"allprint-pl-druk-wielkoformatowy","status":"publish","type":"page","link":"https:\/\/allprint.pl\/index.php\/allprint-pl-druk-wielkoformatowy\/","title":{"rendered":"Druk wielkoformatowy"},"content":{"rendered":"<p>https:\/\/youtu.be\/MVwMUooPMQ8<\/p>\n<p><a href=\"http:\/\/allprint.pl\" target=\"_blank\" rel=\"noopener\">Drukujemy: <\/a>plakaty, naklejki, banery, fotoobrazy na p\u0142\u00f3tnie CANVAS, fototapety, wykonujemy rollupy, <a href=\"http:\/\/allprint.pl\" target=\"_blank\" rel=\"noopener\">realizujemy reklamy,<\/a><\/p>\n<p><a href=\"http:\/\/allprint.pl\" target=\"_blank\" rel=\"noopener\">Druk <\/a><a href=\"http:\/\/www.allprint.pl\" target=\"_blank\" rel=\"noopener\">wielkoformatowy <\/a>ma szerokie zastosowanie u\u017cytkowe i reklamowe.<br \/>W okre\u015bleniu \u201ewielkoformatowy\u201d tkwi pewien b\u0142\u0105d, kt\u00f3ry eliminuje w nazewnictwie mo\u017cliwo\u015bci maszyny drukuj\u0105cej.<\/p>\n<p>W obecnych ploterach zastosowanie najnowszych technologii &#8211; zmienno\u015b\u0107 kropli, <br \/>druk fal\u0105, od dw\u00f3ch do wielokrotno\u015bci w ilo\u015bci g\u0142owic, rozszerza spektrum ich mo\u017cliwo\u015bci.<br \/>Co to oznacza w praktyce. Wszelkiego rodzaju <a href=\"http:\/\/allprint.pl\" target=\"_blank\" rel=\"noopener\">plakaty, naklejki, banery, fotoobrazy na p\u0142\u00f3tnie CANVAS, fototapety, rollupy, etykiety <\/a>wielko\u015bci znaczka pocztowego s\u0105 w jako\u015bci druku fotograficznego.<\/p>\n<figure><a href=\"https:\/\/allprint.pl\/\"><img decoding=\"async\" width=\"1000\" height=\"517\" src=\"https:\/\/allprint.pl\/wp-content\/uploads\/2019\/04\/Grando.jpg\" alt=\"\" loading=\"lazy\" srcset=\"https:\/\/allprint.pl\/wp-content\/uploads\/2019\/04\/Grando.jpg 1000w, https:\/\/allprint.pl\/wp-content\/uploads\/2019\/04\/Grando-300x155.jpg 300w, https:\/\/allprint.pl\/wp-content\/uploads\/2019\/04\/Grando-600x310.jpg 600w, https:\/\/allprint.pl\/wp-content\/uploads\/2019\/04\/Grando-768x397.jpg 768w, https:\/\/allprint.pl\/wp-content\/uploads\/2019\/04\/Grando-500x259.jpg 500w\" sizes=\"auto, (max-width: 1000px) 100vw, 1000px\" \/><\/a><\/figure>\n<h3><a href=\"https:\/\/allprint.pl\/\">Ploter wielkoformatowy GRANDO<\/a><\/h3>\n<p>Ekosolwent, 180 cm szeroko\u015b\u0107 zadruku, dwie g\u0142owice DX5, druk fal\u0105, zmienno\u015b\u0107 kropli, tyle dla wiedz\u0105cych. <\/p>\n<figure><a href=\"https:\/\/allprint.pl\/\"><img decoding=\"async\" width=\"1024\" height=\"664\" src=\"https:\/\/allprint.pl\/wp-content\/uploads\/2019\/05\/kalibracja-1024x664.jpg\" alt=\"kalibracja\" loading=\"lazy\" srcset=\"https:\/\/allprint.pl\/wp-content\/uploads\/2019\/05\/kalibracja-1024x664.jpg 1024w, https:\/\/allprint.pl\/wp-content\/uploads\/2019\/05\/kalibracja-300x195.jpg 300w, https:\/\/allprint.pl\/wp-content\/uploads\/2019\/05\/kalibracja-768x498.jpg 768w, https:\/\/allprint.pl\/wp-content\/uploads\/2019\/05\/kalibracja-500x324.jpg 500w, https:\/\/allprint.pl\/wp-content\/uploads\/2019\/05\/kalibracja-600x389.jpg 600w\" sizes=\"auto, (max-width: 1024px) 100vw, 1024px\" \/><\/a><\/figure>\n<h3><a href=\"https:\/\/allprint.pl\/\">Dbamy o jako\u015b\u0107<\/a><\/h3>\n<p>W\u0142a\u015bciwa barwa to podstawa w procesie druku. Kalibracja sprz\u0119tu, zarz\u0105dzanie kolorem to nasz chleb powszedni. Odpowiednio przygotowane profile stanowi\u0105 gwarancj\u0119 jako\u015bci.<\/p>\n<figure><a href=\"https:\/\/allprint.pl\/\"><img decoding=\"async\" src=\"https:\/\/allprint.pl\/wp-content\/uploads\/elementor\/thumbs\/reklam-2a-o98c6iiymb9t3d9oh34qpjhip8uiwg0tqxxrujwly4.jpg\" title=\"Druk w wielkim formacie\" alt=\"Druk wielkoformatowy\" \/><\/a><\/figure>\n<h3><a href=\"https:\/\/allprint.pl\/\">Szyty na miar\u0119<\/a><\/h3>\n<p>Co to oznacza w praktyce?<br \/>Ka\u017cde Twoje zlecenie \u201epykniemy\u201d nim zd\u0105\u017cysz rozmieni\u0107 pieni\u0105\u017cki&#8230; \ud83d\ude09<\/p>\n<figure><a href=\"https:\/\/allprint.pl\/index.php\/druk-wielkoformatowy\/\"><img decoding=\"async\" src=\"https:\/\/allprint.pl\/wp-content\/uploads\/elementor\/thumbs\/ATV-montaz-o7tux7hximghq9n70vdl8buldnywyaqmsf5475v79w.jpg\" title=\"ATV montaz\" alt=\"ATV montaz\" \/><\/a><\/figure>\n<h3><a href=\"https:\/\/allprint.pl\/index.php\/druk-wielkoformatowy\/\">Post produkcja<\/a><\/h3>\n<p>Wielki format zobowi\u0105zuje. To nie tylko kwestia wzmocnienia kraw\u0119dzi, oczkowania (bannery), poci\u0119cia, naci\u0119cia po konturze &#8211; system AASII (folia samoprzylepna), ale i zawieszenia, wyklejenia etc.<\/p>\n<h2>Poni\u017cszy film pokazuje desing kuchni w zale\u017cno\u015bci od zastosowanej grafiki<\/h2>\n<p>Druk wykonujemy na foli transparentnej w odbiciu lustrzanym, nanosimy j\u0105 na szyb\u0119 i zabezpieczamy foli\u0105. Najdro\u017csza w tym sk\u0142adzie jest szyba. Jednak, gdy grafika nas zm\u0119czy, mo\u017cna j\u0105 wymieni\u0107, bez konieczno\u015bci wymiany szyby.<\/p>\n<p>https:\/\/allprint.pl\/wp-content\/uploads\/2021\/02\/Your-Facebook-Video-fbdown.net_.mp4<\/p>\n","protected":false},"excerpt":{"rendered":"<p>https:\/\/youtu.be\/MVwMUooPMQ8 Drukujemy: plakaty, naklejki, banery, fotoobrazy na p\u0142\u00f3tnie CANVAS, fototapety, wykonujemy rollupy, realizujemy reklamy, Druk wielkoformatowy ma szerokie zastosowanie u\u017cytkowe i reklamowe.W okre\u015bleniu \u201ewielkoformatowy\u201d tkwi pewien b\u0142\u0105d, kt\u00f3ry eliminuje w nazewnictwie mo\u017cliwo\u015bci maszyny drukuj\u0105cej. W obecnych ploterach zastosowanie najnowszych technologii &#8211; zmienno\u015b\u0107 kropli, druk fal\u0105, od dw\u00f3ch do wielokrotno\u015bci w ilo\u015bci g\u0142owic, rozszerza spektrum ich [&hellip;]<\/p>\n","protected":false},"author":1,"featured_media":0,"parent":0,"menu_order":0,"comment_status":"closed","ping_status":"closed","template":"","meta":{"footnotes":""},"class_list":["post-209","page","type-page","status-publish","hentry","entry"],"_links":{"self":[{"href":"https:\/\/allprint.pl\/index.php\/wp-json\/wp\/v2\/pages\/209","targetHints":{"allow":["GET"]}}],"collection":[{"href":"https:\/\/allprint.pl\/index.php\/wp-json\/wp\/v2\/pages"}],"about":[{"href":"https:\/\/allprint.pl\/index.php\/wp-json\/wp\/v2\/types\/page"}],"author":[{"embeddable":true,"href":"https:\/\/allprint.pl\/index.php\/wp-json\/wp\/v2\/users\/1"}],"replies":[{"embeddable":true,"href":"https:\/\/allprint.pl\/index.php\/wp-json\/wp\/v2\/comments?post=209"}],"version-history":[{"count":71,"href":"https:\/\/allprint.pl\/index.php\/wp-json\/wp\/v2\/pages\/209\/revisions"}],"predecessor-version":[{"id":6212,"href":"https:\/\/allprint.pl\/index.php\/wp-json\/wp\/v2\/pages\/209\/revisions\/6212"}],"wp:attachment":[{"href":"https:\/\/allprint.pl\/index.php\/wp-json\/wp\/v2\/media?parent=209"}],"curies":[{"name":"wp","href":"https:\/\/api.w.org\/{rel}","templated":true}]}}