{"id":305,"date":"2019-04-04T16:33:37","date_gmt":"2019-04-04T14:33:37","guid":{"rendered":"http:\/\/wordpress1938779.home.pl\/autoinstalator\/wordpresswoocommerce\/?page_id=305"},"modified":"2019-05-24T16:27:04","modified_gmt":"2019-05-24T14:27:04","slug":"nadruki-na-ubraniach","status":"publish","type":"page","link":"https:\/\/allprint.pl\/index.php\/uslugi\/nadruki-na-ubraniach\/","title":{"rendered":"Nadruki na ubraniach"},"content":{"rendered":"<h1>Nadruki na ubraniach<\/h1>\n<p>Drukowanie tkanin najprawdopodobniej wywodzi si\u0119 z Indii. Do Europy Zachodniej trafi\u0142o oko\u0142o\u00a0 po\u0142owy VI wieku. Do Europy Wschodniej tkaniny drukowane dotar\u0142y z Bizancjum.<br \/>Pierwsze druki na p\u0142\u00f3tnie, znane pod nazw\u0105 &#8222;nabojka&#8221;, pojawi\u0142y si\u0119 na terenie Rusi w XII wieku. Polska podlega\u0142a wp\u0142ywom zar\u00f3wno zachodniej, jak i wschodniej Europy. W Polsce rozw\u00f3j drukarstwa tekstylnego przypada dopiero na czasy panowania Stanis\u0142awa Augusta Poniatowskiego (drug\u0105 po\u0142ow\u0119 XVIII wieku), kt\u00f3ry w sw\u00f3j program polityczny wpisa\u0142 aktywizacj\u0119 polskiego przemys\u0142u, efektem czego by\u0142o za\u0142o\u017cenie pierwszych na ziemiach polskich manufaktur.\u00a0 Polskich rzemie\u015blnik\u00f3w uczyli drukowa\u0107 sprowadzeni w tym celu przez kr\u00f3la zagraniczni specjali\u015bci, przede wszystkim z W\u0142och.<\/p>\n<p>Wedle relacji pozyskanej przez P. Greniuka (&#8222;Druki ludowe na p\u0142\u00f3tnie w po\u0142udniowej Lubelszczy\u017anie&#8221;,\u00a0 [w:] Polska Sztuka Ludowa &#8211; Konteksty 1949):<\/p>\n<blockquote>\n<p>Kobiety na co dzie\u0144 nosz\u0105 \u201emalowanki\u201d [ druki na p\u0142\u00f3tnie by\u0142y na wsi okre\u015blane jako malowanki (lubelskie), wybijanki (podkarpackie) i nabojki (Ru\u015b).] tj. sp\u00f3dnice p\u0142\u00f3cienne, drukowane w ciemnoniebieski dese\u0144. W tym celu nios\u0105 kobiety p\u0142\u00f3tna ju\u017c wybielone do miasta, do \u017byda, kt\u00f3ry si\u0119 malowaniem zajmuje, wybieraj\u0105 sobie u niego wz\u00f3r i ten im pod\u0142\u00f3g tego wzoru maluje. Wzory za\u015b s\u0105 to blachy odpowiednio powycinane, kt\u00f3re przyk\u0142ada si\u0119 do sztywno wyci\u0105gni\u0119tego p\u0142\u00f3tna i po wierzchu smaruje si\u0119 p\u0119dzlem olejn\u0105, ciemnoniebiesk\u0105 lub \u017c\u00f3\u0142t\u0105 farb\u0105, nast\u0119pnie si\u0119 blach\u0119 odejmuje i ju\u017c robota sko\u0144czona. Po wyschni\u0119ciu rysunku szyj\u0105 z tego sp\u00f3dnice, bardzo mocne i dobre do &#8222;chodu&#8221;, bo si\u0119 nie tak \u0142atwo brudz\u0105, jak gdzie indziej p\u0142\u00f3cienne bia\u0142e. Desenie bywaj\u0105 najrozmaitsze, w ka\u017cdej wiosce innego rodzaju.<\/p>\n<p>Szlachcic polski chodzi\u0142 po domu w ubraniach uszytych z materia\u0142\u00f3w wyprodukowanych we w\u0142asnym gospodarstwie przez jego ch\u0142op\u00f3w, natomiast wyje\u017cd\u017caj\u0105c na sejmik czy w odwiedziny, zak\u0142ada\u0142 ubranie uszyte z materia\u0142\u00f3w wytworzonych przez rzemie\u015blnik\u00f3w.<\/p>\n<\/blockquote>\n<p><a href=\"https:\/\/culture.pl\/pl\/artykul\/od-stempli-z-ziemniaka-do-fabryki-w-lodzi-o-metodach-drukowania-tkanin\" target=\"_blank\" rel=\"noopener noreferrer\">\u0179r\u00f3d\u0142o i wi\u0119cej na ten temat<\/a><\/p>\n<figure><a href=\"http:\/\/allprint.pl\/index.php\/dtg-prints\/\" target=\"_blank\" rel=\"noopener noreferrer\"><img decoding=\"async\" src=\"http:\/\/allprint.pl\/wp-content\/uploads\/elementor\/thumbs\/DTG_Q-o88ge33h18ojjjimf2y3480mw4c6guyxqwvlgcggio.jpg\" title=\"DTG_Q\" alt=\"DTG_Q\" \/><\/a><\/figure>\n<h3><a href=\"http:\/\/allprint.pl\/index.php\/dtg-prints\/\" target=\"_blank\" rel=\"noopener noreferrer\">DTG<\/a><\/h3>\n<p>Jest to najnowsza technologia zdobienia odzie\u017cy. Bezpo\u015bredni cyfrowy<br \/>\nnadruk jest bezkonkurencyjny co do wygl\u0105du oraz jako\u015bci wzgl\u0119dem innych<br \/>\ntechnologii . Druk DTG fotorealistycznie odwzorowuje kolory, przej\u015bcia tonalne<br \/>\noraz p\u00f3\u0142tony.<\/p>\n<figure><a href=\"http:\/\/allprint.pl\/index.php\/termotransfer\/\" target=\"_blank\" rel=\"noopener noreferrer\"><img decoding=\"async\" src=\"http:\/\/allprint.pl\/wp-content\/uploads\/elementor\/thumbs\/activ-630-o7kf1jrtbt7gtkbccq5h2yg33985zgk4c675qsmtnk.jpg\" title=\"activ 630\" alt=\"activ 630\" \/><\/a><\/figure>\n<h3><a href=\"http:\/\/allprint.pl\/index.php\/termotransfer\/\" target=\"_blank\" rel=\"noopener noreferrer\">Termo-transfer<\/a><\/h3>\n<p>Aplikacja wycinana jest z flex&#8217;u (mikrogumka) lub z flock&#8217;u, nast\u0119pnie wgrzewana, za pomoc\u0105 termo-prasy, w dzianin\u0119.<\/p>\n<figure><a href=\"http:\/\/allprint.pl\/index.php\/sublimacja-2\/\" target=\"_blank\" rel=\"noopener noreferrer\"><img decoding=\"async\" src=\"http:\/\/allprint.pl\/wp-content\/uploads\/elementor\/thumbs\/transfer-i-sublimacja-630-o7kf1kpnin8r569z78k3ng7jon3j75nuoaun82lfhc.jpg\" title=\"transfer i sublimacja 630\" alt=\"transfer i sublimacja 630\" \/><\/a><\/figure>\n<h3><a href=\"http:\/\/allprint.pl\/index.php\/sublimacja-2\/\" target=\"_blank\" rel=\"noopener noreferrer\">Sublimacja<\/a><\/h3>\n<p>Nadruk przenoszony jest przy zastosowaniu no\u015bnika farby sublimacyjnej &#8211; matrycy, na dzianin\u0119, po przez pras\u0119 termiczn\u0105 w odpowiednim czasie i ci\u015bnieniu.<\/p>\n<figure><a href=\"http:\/\/allprint.pl\/index.php\/sitodruk-na-tkaninach\/\" target=\"_blank\" rel=\"noopener noreferrer\"><img decoding=\"async\" src=\"http:\/\/allprint.pl\/wp-content\/uploads\/elementor\/thumbs\/sito-2-o7kf1e4s6szqvwjj9nppnzvbixzyp9xqbea8v4v6ow.jpg\" title=\"sito 2\" alt=\"sito 2\" \/><\/a><\/figure>\n<h3><a href=\"http:\/\/allprint.pl\/index.php\/sitodruk-na-tkaninach\/\" target=\"_blank\" rel=\"noopener noreferrer\">Sitodruk<\/a><\/h3>\n<p>Druk farbami plastizolowymi za pomoc\u0105 sita drukarskiego<\/p>\n<figure><a href=\"http:\/\/allprint.pl\/index.php\/sublimacja\/\" target=\"_blank\" rel=\"noopener noreferrer\"><img decoding=\"async\" src=\"http:\/\/allprint.pl\/wp-content\/uploads\/elementor\/thumbs\/1000-o7kf1f2mdn117ii6464c8hms4bvbwz1gnixqcetsio.jpg\" title=\"1000\" alt=\"1000\" \/><\/a><\/figure>\n<h3><a href=\"http:\/\/allprint.pl\/index.php\/sublimacja\/\" target=\"_blank\" rel=\"noopener noreferrer\">Subliflock<\/a><\/h3>\n<p>Aplikacja nadrukowana na subliflock&#8217;u i wgrzana w dzianin\u0119<\/p>\n<figure><a href=\"http:\/\/allprint.pl\/index.php\/sublimacja\/\" target=\"_blank\" rel=\"noopener noreferrer\"><img decoding=\"async\" src=\"http:\/\/allprint.pl\/wp-content\/uploads\/elementor\/thumbs\/IMG_7765wtp-o7kf1hw4y54w6ce2npc7xyx5whhfk2cnnww6s8pm00.jpg\" title=\"IMG_7765wtp\" alt=\"IMG_7765wtp\" \/><\/a><\/figure>\n<h3><a href=\"http:\/\/allprint.pl\/index.php\/sublimacja\/\" target=\"_blank\" rel=\"noopener noreferrer\">HAFT Komputerowy<\/a><\/h3>\n<p>Najstarsza technologia zdobienia odzie\u017cy, jednak ju\u017c nie r\u0119cznie, a w oparciu o sterowanie komputerowe.<\/p>\n","protected":false},"excerpt":{"rendered":"<p>Nadruki na ubraniach Drukowanie tkanin najprawdopodobniej wywodzi si\u0119 z Indii. Do Europy Zachodniej trafi\u0142o oko\u0142o\u00a0 po\u0142owy VI wieku. Do Europy Wschodniej tkaniny drukowane dotar\u0142y z Bizancjum.Pierwsze druki na p\u0142\u00f3tnie, znane pod nazw\u0105 &#8222;nabojka&#8221;, pojawi\u0142y si\u0119 na terenie Rusi w XII wieku. Polska podlega\u0142a wp\u0142ywom zar\u00f3wno zachodniej, jak i wschodniej Europy. W Polsce rozw\u00f3j drukarstwa tekstylnego [&hellip;]<\/p>\n","protected":false},"author":1,"featured_media":486,"parent":148,"menu_order":2,"comment_status":"closed","ping_status":"closed","template":"","meta":{"footnotes":""},"class_list":["post-305","page","type-page","status-publish","has-post-thumbnail","hentry","entry","has-media"],"_links":{"self":[{"href":"https:\/\/allprint.pl\/index.php\/wp-json\/wp\/v2\/pages\/305","targetHints":{"allow":["GET"]}}],"collection":[{"href":"https:\/\/allprint.pl\/index.php\/wp-json\/wp\/v2\/pages"}],"about":[{"href":"https:\/\/allprint.pl\/index.php\/wp-json\/wp\/v2\/types\/page"}],"author":[{"embeddable":true,"href":"https:\/\/allprint.pl\/index.php\/wp-json\/wp\/v2\/users\/1"}],"replies":[{"embeddable":true,"href":"https:\/\/allprint.pl\/index.php\/wp-json\/wp\/v2\/comments?post=305"}],"version-history":[{"count":41,"href":"https:\/\/allprint.pl\/index.php\/wp-json\/wp\/v2\/pages\/305\/revisions"}],"predecessor-version":[{"id":730,"href":"https:\/\/allprint.pl\/index.php\/wp-json\/wp\/v2\/pages\/305\/revisions\/730"}],"up":[{"embeddable":true,"href":"https:\/\/allprint.pl\/index.php\/wp-json\/wp\/v2\/pages\/148"}],"wp:featuredmedia":[{"embeddable":true,"href":"https:\/\/allprint.pl\/index.php\/wp-json\/wp\/v2\/media\/486"}],"wp:attachment":[{"href":"https:\/\/allprint.pl\/index.php\/wp-json\/wp\/v2\/media?parent=305"}],"curies":[{"name":"wp","href":"https:\/\/api.w.org\/{rel}","templated":true}]}}