{"id":492,"date":"2019-04-26T18:10:32","date_gmt":"2019-04-26T16:10:32","guid":{"rendered":"http:\/\/wordpress1938779.home.pl\/autoinstalator\/wordpresswoocommerce\/?page_id=492"},"modified":"2019-05-16T16:59:53","modified_gmt":"2019-05-16T14:59:53","slug":"druk-arkuszowy","status":"publish","type":"page","link":"https:\/\/allprint.pl\/index.php\/druk-arkuszowy\/","title":{"rendered":"Druk arkuszowy"},"content":{"rendered":"<p><img loading=\"lazy\" decoding=\"async\" width=\"930\" height=\"223\" src=\"http:\/\/allprint.pl\/wp-content\/uploads\/2019\/04\/preview-2.png\" alt=\"\" srcset=\"http:\/\/allprint.pl\/wp-content\/uploads\/2019\/04\/preview-2.png 930w, http:\/\/allprint.pl\/wp-content\/uploads\/2019\/04\/preview-2-300x72.png 300w, http:\/\/allprint.pl\/wp-content\/uploads\/2019\/04\/preview-2-768x184.png 768w, http:\/\/allprint.pl\/wp-content\/uploads\/2019\/04\/preview-2-500x120.png 500w, http:\/\/allprint.pl\/wp-content\/uploads\/2019\/04\/preview-2-600x144.png 600w\" sizes=\"auto, (max-width: 930px) 100vw, 930px\" \/>\t\t\t\t\t\t\t\t\t\t\t<\/p>\n<h2>Druk arkuszowy &#8211; p\u0142aski <\/h2>\n<p>Najpopularniejszy produkt drukarski, obejmuj\u0105cy wszelkiego rodzaju druki akcydensowe, pocz\u0105wszy od znanych wszystkim ulotek reklamowych, po przez plakaty, zaproszenia, foldery, kalendarze, naklejki, wizyt\u00f3wki ect.<br \/>R\u00f3\u017cnica jedynie polega na technologii, w kt\u00f3rej dany akcydens b\u0119dzie wykonany. W wi\u0119kszo\u015bci przypadk\u00f3w to pozostanie w naszej gestii, aczkolwiek dla znaj\u0105cych zagadnienie jeste\u015bmy otwarci na sugestie.<\/p>\n<figure><a href=\"http:\/\/wordpress1938779.home.pl\/autoinstalator\/wordpresswoocommerce\/index.php\/druk-cyfrowy\/\"><img loading=\"lazy\" decoding=\"async\" width=\"1024\" height=\"1024\" src=\"http:\/\/allprint.pl\/wp-content\/uploads\/2019\/04\/wc7855_top_1462x1800-1024x1024.jpg\" alt=\"\" srcset=\"http:\/\/allprint.pl\/wp-content\/uploads\/2019\/04\/wc7855_top_1462x1800-1024x1024.jpg 1024w, http:\/\/allprint.pl\/wp-content\/uploads\/2019\/04\/wc7855_top_1462x1800-150x150.jpg 150w, http:\/\/allprint.pl\/wp-content\/uploads\/2019\/04\/wc7855_top_1462x1800-300x300.jpg 300w, http:\/\/allprint.pl\/wp-content\/uploads\/2019\/04\/wc7855_top_1462x1800-768x768.jpg 768w, http:\/\/allprint.pl\/wp-content\/uploads\/2019\/04\/wc7855_top_1462x1800-500x500.jpg 500w, http:\/\/allprint.pl\/wp-content\/uploads\/2019\/04\/wc7855_top_1462x1800-600x600.jpg 600w, http:\/\/allprint.pl\/wp-content\/uploads\/2019\/04\/wc7855_top_1462x1800-100x100.jpg 100w, http:\/\/allprint.pl\/wp-content\/uploads\/2019\/04\/wc7855_top_1462x1800.jpg 1200w\" sizes=\"auto, (max-width: 1024px) 100vw, 1024px\" \/><\/a><\/figure>\n<h3><a href=\"http:\/\/wordpress1938779.home.pl\/autoinstalator\/wordpresswoocommerce\/index.php\/druk-cyfrowy\/\">Druk cyfrowy<\/a><\/h3>\n<p>Najszybsza i najprostsza forma druku&nbsp; arkuszowego. Nak\u0142ady realizujemy<br \/>\nod jednej sztuki. Jako\u015b\u0107 fotograficzna. Doskona\u0142e rozwi\u0105zanie dla<br \/>\nzam\u00f3wie\u0144 niskonak\u0142adowych.<\/p>\n<figure><img loading=\"lazy\" decoding=\"async\" width=\"1772\" height=\"1105\" src=\"http:\/\/allprint.pl\/wp-content\/uploads\/2019\/04\/con_pic1-1.jpg\" alt=\"\" srcset=\"http:\/\/allprint.pl\/wp-content\/uploads\/2019\/04\/con_pic1-1.jpg 1772w, http:\/\/allprint.pl\/wp-content\/uploads\/2019\/04\/con_pic1-1-300x187.jpg 300w, http:\/\/allprint.pl\/wp-content\/uploads\/2019\/04\/con_pic1-1-768x479.jpg 768w, http:\/\/allprint.pl\/wp-content\/uploads\/2019\/04\/con_pic1-1-1024x639.jpg 1024w, http:\/\/allprint.pl\/wp-content\/uploads\/2019\/04\/con_pic1-1-500x312.jpg 500w, http:\/\/allprint.pl\/wp-content\/uploads\/2019\/04\/con_pic1-1-600x374.jpg 600w\" sizes=\"auto, (max-width: 1772px) 100vw, 1772px\" \/><\/figure>\n<h3>Druk offsetowy<\/h3>\n<p>Tradycyjny druk na maszynie arkuszowej, oparty o proces przygotowania<br \/>\nform drukowych. Najbardziej ekonomiczna technologia druku dla zlece\u0144<br \/>\nwysokonak\u0142adowych.<\/p>\n<figure><img loading=\"lazy\" decoding=\"async\" width=\"1950\" height=\"500\" src=\"http:\/\/allprint.pl\/wp-content\/uploads\/2019\/03\/all-czcionka-1.png\" alt=\"\" srcset=\"http:\/\/allprint.pl\/wp-content\/uploads\/2019\/03\/all-czcionka-1.png 1950w, http:\/\/allprint.pl\/wp-content\/uploads\/2019\/03\/all-czcionka-1-300x77.png 300w, http:\/\/allprint.pl\/wp-content\/uploads\/2019\/03\/all-czcionka-1-600x154.png 600w, http:\/\/allprint.pl\/wp-content\/uploads\/2019\/03\/all-czcionka-1-768x197.png 768w, http:\/\/allprint.pl\/wp-content\/uploads\/2019\/03\/all-czcionka-1-1024x263.png 1024w\" sizes=\"auto, (max-width: 1950px) 100vw, 1950px\" \/><\/figure>\n<h3>\n<p>Hot Stamping<\/h3>\n<p>T\u0142oczenie foli\u0105 na gor\u0105co to jedena z form poligraficznych<br \/>\nuszlachetniania druk\u00f3w. Hot stamping jest doskona\u0142ym akcentem kompozycji<br \/>\n graficznej jak r\u00f3wnie\u017c mo\u017ce stanowi\u0107 samodzielny druk.<\/p>\n<figure><img decoding=\"async\" src=\"http:\/\/allprint.pl\/wp-content\/uploads\/elementor\/thumbs\/sito-2-o7kf1e4umijrf0ukldfd3ht10uqx3yee6r7u4i166s.jpg\" title=\"sito 2\" alt=\"sito 2\" \/><\/figure>\n<h3>Sitodruk<\/h3>\n<p><section>Tradycyjna technologia druku z u\u017cyciem form &#8211; siatek sitodrukowych. Stosowana na wszelkich materia\u0142ach oraz przedmiotach o powierzchniach p\u0142askich i okr\u0105g\u0142ych. Doskona\u0142a do zlece\u0144 wysokonak\u0142adowych.<\/section><\/p>\n","protected":false},"excerpt":{"rendered":"<p>Druk arkuszowy &#8211; p\u0142aski Najpopularniejszy produkt drukarski, obejmuj\u0105cy wszelkiego rodzaju druki akcydensowe, pocz\u0105wszy od znanych wszystkim ulotek reklamowych, po przez plakaty, zaproszenia, foldery, kalendarze, naklejki, wizyt\u00f3wki ect.R\u00f3\u017cnica jedynie polega na technologii, w kt\u00f3rej dany akcydens b\u0119dzie wykonany. W wi\u0119kszo\u015bci przypadk\u00f3w to pozostanie w naszej gestii, aczkolwiek dla znaj\u0105cych zagadnienie jeste\u015bmy otwarci na sugestie. Druk cyfrowy [&hellip;]<\/p>\n","protected":false},"author":1,"featured_media":0,"parent":0,"menu_order":0,"comment_status":"closed","ping_status":"closed","template":"","meta":{"footnotes":""},"class_list":["post-492","page","type-page","status-publish","hentry","entry"],"_links":{"self":[{"href":"https:\/\/allprint.pl\/index.php\/wp-json\/wp\/v2\/pages\/492","targetHints":{"allow":["GET"]}}],"collection":[{"href":"https:\/\/allprint.pl\/index.php\/wp-json\/wp\/v2\/pages"}],"about":[{"href":"https:\/\/allprint.pl\/index.php\/wp-json\/wp\/v2\/types\/page"}],"author":[{"embeddable":true,"href":"https:\/\/allprint.pl\/index.php\/wp-json\/wp\/v2\/users\/1"}],"replies":[{"embeddable":true,"href":"https:\/\/allprint.pl\/index.php\/wp-json\/wp\/v2\/comments?post=492"}],"version-history":[{"count":12,"href":"https:\/\/allprint.pl\/index.php\/wp-json\/wp\/v2\/pages\/492\/revisions"}],"predecessor-version":[{"id":664,"href":"https:\/\/allprint.pl\/index.php\/wp-json\/wp\/v2\/pages\/492\/revisions\/664"}],"wp:attachment":[{"href":"https:\/\/allprint.pl\/index.php\/wp-json\/wp\/v2\/media?parent=492"}],"curies":[{"name":"wp","href":"https:\/\/api.w.org\/{rel}","templated":true}]}}