{"id":518,"date":"2019-04-29T17:11:16","date_gmt":"2019-04-29T15:11:16","guid":{"rendered":"http:\/\/wordpress1938779.home.pl\/autoinstalator\/wordpresswoocommerce\/?page_id=518"},"modified":"2019-04-29T17:55:54","modified_gmt":"2019-04-29T15:55:54","slug":"druk-cyfrowy","status":"publish","type":"page","link":"https:\/\/allprint.pl\/index.php\/druk-cyfrowy\/","title":{"rendered":"Druk cyfrowy"},"content":{"rendered":"<p><img loading=\"lazy\" decoding=\"async\" width=\"819\" height=\"1024\" src=\"http:\/\/wordpress1938779.home.pl\/autoinstalator\/wordpresswoocommerce\/wp-content\/uploads\/2019\/04\/xerox_5323-1-824x1030-819x1024.jpg\" alt=\"\" srcset=\"http:\/\/wordpress1938779.home.pl\/autoinstalator\/wordpresswoocommerce\/wp-content\/uploads\/2019\/04\/xerox_5323-1-824x1030-819x1024.jpg 819w, http:\/\/wordpress1938779.home.pl\/autoinstalator\/wordpresswoocommerce\/wp-content\/uploads\/2019\/04\/xerox_5323-1-824x1030-240x300.jpg 240w, http:\/\/wordpress1938779.home.pl\/autoinstalator\/wordpresswoocommerce\/wp-content\/uploads\/2019\/04\/xerox_5323-1-824x1030-768x960.jpg 768w, http:\/\/wordpress1938779.home.pl\/autoinstalator\/wordpresswoocommerce\/wp-content\/uploads\/2019\/04\/xerox_5323-1-824x1030-500x625.jpg 500w, http:\/\/wordpress1938779.home.pl\/autoinstalator\/wordpresswoocommerce\/wp-content\/uploads\/2019\/04\/xerox_5323-1-824x1030-300x375.jpg 300w, http:\/\/wordpress1938779.home.pl\/autoinstalator\/wordpresswoocommerce\/wp-content\/uploads\/2019\/04\/xerox_5323-1-824x1030-600x750.jpg 600w, http:\/\/wordpress1938779.home.pl\/autoinstalator\/wordpresswoocommerce\/wp-content\/uploads\/2019\/04\/xerox_5323-1-824x1030.jpg 824w\" sizes=\"auto, (max-width: 819px) 100vw, 819px\" \/>\t\t\t\t\t\t\t\t\t\t\t<\/p>\n<p>Urz\u0105dzenie umo\u017cliwia kopiowanie, skanowanie oraz drukowanie z fotograficzn\u0105 jako\u015bci\u0105. Kopiowanie to nic innego jak tradycyjne ksero tak w B\/W jak i w kolorze.<br \/>Doskonale sprawdza si\u0119 w skanowaniu du\u017cej ilo\u015bci materia\u0142\u00f3w, poniewa\u017c robi to automatycznie, z du\u017c\u0105 rozdzielczo\u015bci\u0105, a pr\u0119dko\u015b\u0107 skanowania jest powalaj\u0105ca. Po\u0142\u0105czenie urz\u0105dzenia z komputerem pozwala na druk wszelkich prac samodzielnie przygotowanych i dostarczonych do drukarni. Preferowane pliki to pdf, jpg, tiff, ai, cdr, psd, Prosimy pami\u0119ta\u0107 o zamianie font\u00f3w na krzywe, zachowaniu rozdzielczo\u015bci plik\u00f3w bitmapowych na poziomie 300 dpi dla skali 1:1, oraz nie podpinaniu profili.<\/p>\n","protected":false},"excerpt":{"rendered":"<p>Urz\u0105dzenie umo\u017cliwia kopiowanie, skanowanie oraz drukowanie z fotograficzn\u0105 jako\u015bci\u0105. Kopiowanie to nic innego jak tradycyjne ksero tak w B\/W jak i w kolorze.Doskonale sprawdza si\u0119 w skanowaniu du\u017cej ilo\u015bci materia\u0142\u00f3w, poniewa\u017c robi to automatycznie, z du\u017c\u0105 rozdzielczo\u015bci\u0105, a pr\u0119dko\u015b\u0107 skanowania jest powalaj\u0105ca. Po\u0142\u0105czenie urz\u0105dzenia z komputerem pozwala na druk wszelkich prac samodzielnie przygotowanych i dostarczonych [&hellip;]<\/p>\n","protected":false},"author":1,"featured_media":0,"parent":0,"menu_order":0,"comment_status":"closed","ping_status":"closed","template":"","meta":{"footnotes":""},"class_list":["post-518","page","type-page","status-publish","hentry","entry"],"_links":{"self":[{"href":"https:\/\/allprint.pl\/index.php\/wp-json\/wp\/v2\/pages\/518","targetHints":{"allow":["GET"]}}],"collection":[{"href":"https:\/\/allprint.pl\/index.php\/wp-json\/wp\/v2\/pages"}],"about":[{"href":"https:\/\/allprint.pl\/index.php\/wp-json\/wp\/v2\/types\/page"}],"author":[{"embeddable":true,"href":"https:\/\/allprint.pl\/index.php\/wp-json\/wp\/v2\/users\/1"}],"replies":[{"embeddable":true,"href":"https:\/\/allprint.pl\/index.php\/wp-json\/wp\/v2\/comments?post=518"}],"version-history":[{"count":4,"href":"https:\/\/allprint.pl\/index.php\/wp-json\/wp\/v2\/pages\/518\/revisions"}],"predecessor-version":[{"id":531,"href":"https:\/\/allprint.pl\/index.php\/wp-json\/wp\/v2\/pages\/518\/revisions\/531"}],"wp:attachment":[{"href":"https:\/\/allprint.pl\/index.php\/wp-json\/wp\/v2\/media?parent=518"}],"curies":[{"name":"wp","href":"https:\/\/api.w.org\/{rel}","templated":true}]}}