{"id":56,"date":"2019-05-08T19:09:18","date_gmt":"2019-05-08T17:09:18","guid":{"rendered":"http:\/\/wordpress1938779.home.pl\/autoinstalator\/wordpresswoocommerce\/?page_id=56"},"modified":"2026-04-14T12:25:16","modified_gmt":"2026-04-14T10:25:16","slug":"polityka-prywatnosci-i-polityka-plikow-cookies","status":"publish","type":"page","link":"https:\/\/allprint.pl\/index.php\/polityka-prywatnosci-i-polityka-plikow-cookies\/","title":{"rendered":"Polityka prywatno\u015bci i polityka plik\u00f3w cookies"},"content":{"rendered":"\n<h2 class=\"wp-block-heading\">Kim jeste\u015bmy<\/h2>\n\n\n\n<p>Jeste\u015bmy firm\u0105 rodzinn\u0105, zajmujemy si\u0119 poligrafi\u0105, reklam\u0105 i  grafik\u0105 od 1990 roku. Nasz\u0105 siedzib\u0105 firmy jest biuro i drukarnia w Rybniku &#8211; 44-217, przy ul. Kotucza 8.  NIP 642 040 35 58 REGON 271056482, kontakt z nami: e-mail: allprint@allprint.pl  strona www.allprint.pl<br> tel. 32 42 22 392;   509 897 897<\/p>\n\n\n\n<p><\/p>\n\n\n\n<p>Ochrona prywatno\u015bci u\u017cytkownik\u00f3w www.allprint.pl a tak\u017ce wszystkich medi\u00f3w spo\u0142eczno\u015bciowych administrowanych przez Drukarni\u0119 Allprint Krzysztof Sypka, ma dla nas ogromne znaczenie. W zwi\u0105zku z tym publikujemy dokument wyja\u015bniaj\u0105cy zasady oraz spos\u00f3b gromadzenia, przetwarzania i wykorzystywania informacji o u\u017cytkownikach sklep\u00f3w internetowych: www.allprint.pl,i medi\u00f3w spo\u0142eczno\u015bciowych administrowanych Drukarni\u0119 Allprint Krzysztof Sypka.<\/p>\n\n\n\n<h2 class=\"wp-block-heading\">Jakie dane osobiste zbieramy i dlaczego je zbieramy<\/h2>\n\n\n\n<p>Kiedy odwiedzaj\u0105cy witryn\u0119 zostawia komentarz, zbieramy dane widoczne w formularzu komentowania, jak i adres IP odwiedzaj\u0105cego oraz podpis jego przegl\u0105darki jako pomoc przy wykrywaniu spamu. Twoje dane  przetwarzamy w spos\u00f3b zgodny z zakresem udzielonego przez u\u017cytkownika zezwolenia lub na podstawie innych ustawowych przes\u0142anek legalizuj\u0105cych przetwarzanie danych, wykorzystamy je do realizacji zlecenia,  informowania Ci\u0119 o nowych produktach, ciekawych ofertach, promocjach etc.  oraz w prawnie usprawiedliwionym celu www.allprint.pl i medi\u00f3w spo\u0142eczno\u015bciowych administrowanych przez Drukarni\u0119 Allprint Krzysztof Sypka &#8211; (marketingu bezpo\u015brednim naszych produkt\u00f3w lub us\u0142ug), zgodnie z wymogami prawa polskiego, w szczeg\u00f3lno\u015bci w zgodzie z Rozporz\u0105dzeniem o Ochronie Danych Osobowych (RODO) oraz z ustaw\u0105 o ochronie danych osobowych. Zbi\u00f3r zgromadzonych danych osobowych u\u017cytkownik\u00f3w traktowany jest jako wydzielona baza danych, przechowywana na serwerze w specjalnej strefie bezpiecze\u0144stwa, zapewniaj\u0105cej w\u0142a\u015bciw\u0105 ochron\u0119. Pe\u0142en dost\u0119p do bazy danych posiada jedynie uprawniony administrator zajmuj\u0105cy si\u0119 administracj\u0105 bazy. <\/p>\n\n\n\n<p>Zanonimizowany ci\u0105g znak\u00f3w stworzony na podstawie twojego adresu email (tak zwany hash) mo\u017ce zosta\u0107 przes\u0142any do us\u0142ugi Gravatar w celu sprawdzenia czy jej u\u017cywasz. Polityka prywatno\u015bci us\u0142ugi Gravatar jest dost\u0119pna tutaj: https:\/\/automattic.com\/privacy\/. Po zatwierdzeniu komentarza tw\u00f3j obrazek profilowy jest widoczny publicznie w kontek\u015bcie twojego komentarza.<\/p>\n\n\n\n<h3 class=\"wp-block-heading\">Ciasteczka<\/h3>\n\n\n\n<p>Je\u017celi nie akceptuj\u0105 Pa\u0144stwo opcji u\u017cywania plik\u00f3w cookies, mog\u0105 Pa\u0144stwo wy\u0142\u0105czy\u0107 t\u0119 funkcj\u0119 w swojej przegl\u0105darce internetowej. Nale\u017cy jednak pami\u0119ta\u0107, \u017ce zablokowanie ciasteczek u\u017cywanych przez www.allprint.pl, mo\u017ce negatywnie wp\u0142yn\u0105\u0107 na wygod\u0119 korzystania ze stron allprint, na przyk\u0142ad nie b\u0119dzie mo\u017cna odwiedzi\u0107 pewnych stron.<\/p>\n\n\n\n<p>Pliki cookies wykorzystywane s\u0105 w celu:<\/p>\n\n\n\n<p>a) dostosowania zawarto\u015bci stron serwis\u00f3w internetowych do preferencji u\u017cytkownika oraz optymalizacji korzystania ze stron internetowych; w szczeg\u00f3lno\u015bci pliki te pozwalaj\u0105 rozpozna\u0107 urz\u0105dzenie u\u017cytkownika ww. sklep\u00f3w internetowych i odpowiednio wy\u015bwietli\u0107 stron\u0119 internetow\u0105, dostosowan\u0105 do jego indywidualnych potrzeb,<\/p>\n\n\n\n<p>b) tworzenia statystyk, kt\u00f3re pomagaj\u0105 zrozumie\u0107, w jaki spos\u00f3b u\u017cytkownicy ww. sklep\u00f3w korzystaj\u0105 ze stron internetowych, co umo\u017cliwia ulepszanie ich struktury i zawarto\u015bci,<\/p>\n\n\n\n<p>c) utrzymania sesji u\u017cytkownika ww. sklep\u00f3w internetowych (po zalogowaniu), dzi\u0119ki kt\u00f3rej u\u017cytkownik nie musi na ka\u017cdej podstronie ww. sklep\u00f3w ponownie wpisywa\u0107 loginu i has\u0142a,<\/p>\n\n\n\n<p>d) dostarczania u\u017cytkownikom tre\u015bci reklamowych bardziej dostosowanych do ich zainteresowa\u0144.<\/p>\n\n\n\n<ol class=\"wp-block-list\">\n<li>W ramach naszej strony mo\u017cemy stosowa\u0107 nast\u0119puj\u0105ce rodzaje plik\u00f3w cookies:<\/li>\n<\/ol>\n\n\n\n<p>a) \u201eniezb\u0119dne\u201d pliki cookies, umo\u017cliwiaj\u0105ce korzystanie z us\u0142ug dost\u0119pnych w ramach strony, np. uwierzytelniaj\u0105ce pliki cookies wykorzystywane do us\u0142ug wymagaj\u0105cych uwierzytelniania w ramach serwisu,<\/p>\n\n\n\n<p>b) pliki cookies s\u0142u\u017c\u0105ce do zapewnienia bezpiecze\u0144stwa, np. wykorzystywane do wykrywania nadu\u017cy\u0107 w zakresie uwierzytelniania w ramach ww. strony,<\/p>\n\n\n\n<p>c) pliki cookies, umo\u017cliwiaj\u0105ce zbieranie informacji o sposobie korzystania ze stron www,<\/p>\n\n\n\n<p>d) \u201efunkcjonalne\u201d pliki cookies, umo\u017cliwiaj\u0105ce \u201ezapami\u0119tanie\u201d wybranych przez u\u017cytkownika ustawie\u0144 i personalizacj\u0119 interfejsu u\u017cytkownika, np. w zakresie wybranego j\u0119zyka lub regionu, z kt\u00f3rego pochodzi u\u017cytkownik, rozmiaru czcionki, wygl\u0105du strony internetowej itp.,<\/p>\n\n\n\n<p>e) \u201ereklamowe\u201d pliki cookies, umo\u017cliwiaj\u0105ce dostarczanie u\u017cytkownikom tre\u015bci reklamowych bardziej dostosowanych do ich zainteresowa\u0144.<\/p>\n\n\n\n<ol class=\"wp-block-list\">\n<li>W wielu przypadkach oprogramowanie s\u0142u\u017c\u0105ce do przegl\u0105dania stron internetowych (przegl\u0105darka internetowa) domy\u015blnie dopuszcza przechowywanie plik\u00f3w cookies w urz\u0105dzeniu ko\u0144cowym u\u017cytkownika. U\u017cytkownicy serwisu mog\u0105 dokona\u0107 w ka\u017cdym czasie zmiany ustawie\u0144 dotycz\u0105cych plik\u00f3w cookies. Ustawienia te mog\u0105 zosta\u0107 zmienione w szczeg\u00f3lno\u015bci w taki spos\u00f3b, aby blokowa\u0107 automatyczn\u0105 obs\u0142ug\u0119 plik\u00f3w cookies w ustawieniach przegl\u0105darki internetowej b\u0105d\u017a informowa\u0107 o ich ka\u017cdorazowym zamieszczeniu w urz\u0105dzeniu u\u017cytkownika serwisu internetowego. Szczeg\u00f3\u0142owe informacje o mo\u017cliwo\u015bci i sposobach obs\u0142ugi plik\u00f3w cookies dost\u0119pne s\u0105 w ustawieniach oprogramowania (przegl\u0105darki internetowej). Niedokonanie zmiany ustawie\u0144 w zakresie cookies oznacza, \u017ce b\u0119d\u0105 one zamieszczone w urz\u0105dzeniu ko\u0144cowym u\u017cytkownika, a tym samym b\u0119dziemy przechowywa\u0107 informacje w urz\u0105dzeniu ko\u0144cowym u\u017cytkownika i uzyskiwa\u0107 dost\u0119p do tych informacji.<\/li>\n\n\n\n<li>Wy\u0142\u0105czenie stosowania cookies mo\u017ce spowodowa\u0107 utrudnienia w korzystaniu z niekt\u00f3rych us\u0142ug w ramach naszych serwis\u00f3w internetowych, w szczeg\u00f3lno\u015bci wymagaj\u0105cych logowania. Wy\u0142\u0105czenie opcji przyjmowania cookies nie powoduje natomiast braku mo\u017cliwo\u015bci czytania lub ogl\u0105dania tre\u015bci zamieszczanych w serwisie internetowym Drukarni\u0119 Allprint Krzysztof Sypka z zastrze\u017ceniem tych, do kt\u00f3rych dost\u0119p wymaga logowania.<\/li>\n\n\n\n<li>Pliki cookies mog\u0105 by\u0107 zamieszczane w urz\u0105dzeniu ko\u0144cowym u\u017cytkownika strony internetowej Drukarni\u0119 Allprint Krzysztof Sypka, a nast\u0119pnie wykorzystywane przez wsp\u00f3\u0142pracuj\u0105cych z Drukarni\u0105 Allprint Krzysztof Sypka reklamodawc\u00f3w, firmy badawcze oraz dostawc\u00f3w aplikacji multimedialnych.<\/li>\n<\/ol>\n\n\n\n<h3 class=\"wp-block-heading\">Formularze kontaktowe<\/h3>\n\n\n\n<p>Je\u015bli zostawisz na naszej witrynie komentarz, b\u0119dziesz m\u00f3g\u0142 wybra\u0107 opcj\u0119 zapisu twojej nazwy, adresu email i adresu strony internetowej w ciasteczkach, dzi\u0119ki kt\u00f3rym podczas pisania kolejnych komentarzy powy\u017csze informacje b\u0119d\u0105 ju\u017c dogodnie uzupe\u0142nione. Te ciasteczka wygasaj\u0105 po roku.<\/p>\n\n\n\n<p>Je\u015bli masz konto i zalogujesz si\u0119 na tej witrynie, utworzymy tymczasowe ciasteczko na potrzeby sprawdzenia czy twoja przegl\u0105darka akceptuje ciasteczka. To ciasteczko nie zawiera \u017cadnych danych osobistych i zostanie wyrzucone kiedy zamkniesz przegl\u0105dark\u0119.<\/p>\n\n\n\n<p>Podczas logowania tworzymy dodatkowo kilka ciasteczek potrzebnych do zapisu twoich informacji logowania oraz wybranych opcji ekranu. Ciasteczka logowania wygasaj\u0105 po dw\u00f3ch dniach, a opcji ekranu po roku. Je\u015bli zaznaczysz opcj\u0119 \u201ePami\u0119taj mnie\u201d, logowanie wyga\u015bnie po dw\u00f3ch tygodniach. Je\u015bli wylogujesz si\u0119 ze swojego konta, ciasteczka logowania zostan\u0105 usuni\u0119te.<\/p>\n\n\n\n<p>Je\u015bli zmodyfikujesz albo opublikujesz artyku\u0142, w twojej przegl\u0105darce zostanie zapisane dodatkowe ciasteczko. To ciasteczko nie zawiera \u017cadnych danych osobistych, wskazuj\u0105c po prostu na identyfikator przed chwil\u0105 edytowanego artyku\u0142u. Wygasa ono po 1 dniu.<\/p>\n\n\n\n<p>Artyku\u0142y na tej witrynie mog\u0105 zawiera\u0107 osadzone tre\u015bci (np. filmy, obrazki, artyku\u0142y itp.). Osadzone tre\u015bci z innych witryn zachowuj\u0105 si\u0119 analogicznie do tego, jakby u\u017cytkownik odwiedzi\u0142 bezpo\u015brednio konkretn\u0105 witryn\u0119.<\/p>\n\n\n\n<h3 class=\"wp-block-heading\">Osadzone tre\u015bci z innych witryn<\/h3>\n\n\n\n<p>Witryny mog\u0105 zbiera\u0107 informacje o tobie, u\u017cywa\u0107 ciasteczek, do\u0142\u0105cza\u0107 dodatkowe, zewn\u0119trzne systemy \u015bledzenia i monitorowa\u0107 twoje interakcje z osadzonym materia\u0142em, w\u0142\u0105czaj\u0105c w to \u015bledzenie twoich interakcji z osadzonym materia\u0142em je\u015bli posiadasz konto i jeste\u015b zalogowany w tamtej witrynie.<\/p>\n\n\n\n<h2 class=\"wp-block-heading\">Z kim dzielimy si\u0119 danymi<\/h2>\n\n\n\n<p>Drukarnia Allprint Krzysztof Sypka nie przekazuje, nie sprzedaje i nie u\u017cycza zgromadzonych danych osobowych u\u017cytkownik\u00f3w innym osobom lub instytucjom, chyba \u017ce dzieje si\u0119 to za wyra\u017an\u0105 zgod\u0105 lub na \u017cyczenie u\u017cytkownika lub te\u017c na \u017c\u0105danie uprawnionych na podstawie prawa organ\u00f3w pa\u0144stwa na potrzeby prowadzonych przez nie post\u0119powa\u0144. Mo\u017cemy jednak ujawni\u0107 wsp\u00f3\u0142pracuj\u0105cym z nami serwisom internetowym czy agencjom reklamowym opracowane przez nas zbiorcze, og\u00f3lne zestawienia statystyczne. Zestawienia takie dotycz\u0105 g\u0142\u00f3wnie ogl\u0105dalno\u015bci naszej strony i nie zawieraj\u0105 danych pozwalaj\u0105cych na identyfikacj\u0119 poszczeg\u00f3lnych u\u017cytkownik\u00f3w. Ponadto powierzamy do przetwarzania dane osobowe podmiotom \u015bwiadcz\u0105cym na nasz\u0105 rzecz us\u0142ugi informatyczne lub hostingowe.<\/p>\n\n\n\n<h3 class=\"wp-block-heading\">Analiza statystyk<\/h3>\n\n\n\n<p>Je\u015bli zostawisz komentarz, jego tre\u015b\u0107 i metadane b\u0119d\u0105 przechowywane przez czas nieokre\u015blony. Dzi\u0119ki temu jeste\u015bmy w stanie rozpoznawa\u0107 i zatwierdza\u0107 kolejne komentarze automatycznie, bez wysy\u0142ania ich do ka\u017cdorazowej moderacji.<\/p>\n\n\n\n<h2 class=\"wp-block-heading\">Jak d\u0142ugo przechowujemy twoje dane<\/h2>\n\n\n\n<p>Dla u\u017cytkownik\u00f3w kt\u00f3rzy zarejestrowali si\u0119 na naszej stronie internetowej (je\u015bli tacy s\u0105), przechowujemy r\u00f3wnie\u017c informacje osobiste wprowadzone w profilu. Ka\u017cdy u\u017cytkownik mo\u017ce dokona\u0107 wgl\u0105du, korekty albo skasowa\u0107 swoje informacje osobiste w dowolnej chwili (nie licz\u0105c nazwy u\u017cytkownika, kt\u00f3rej nie mo\u017cna zmieni\u0107). Administratorzy strony r\u00f3wnie\u017c mog\u0105 przegl\u0105da\u0107 i modyfikowa\u0107 te informacje.<\/p>\n\n\n\n<p>Je\u015bli masz konto u\u017cytkownika albo doda\u0142e\u015b komentarze w tej witrynie, mo\u017cesz za\u017c\u0105da\u0107 dostarczenia pliku z wyeksportowanym kompletem twoich danych osobistych b\u0119d\u0105cych w naszym posiadaniu, w tym ca\u0142o\u015b\u0107 tych dostarczonych przez ciebie. Mo\u017cesz r\u00f3wnie\u017c za\u017c\u0105da\u0107 usuni\u0119cia przez nas ca\u0142o\u015bci twoich danych osobistych w naszym posiadaniu. Nie dotyczy to \u017cadnych danych kt\u00f3re jeste\u015bmy zobligowani zachowa\u0107 ze wzgl\u0119d\u00f3w administracyjnych, prawnych albo bezpiecze\u0144stwa.<\/p>\n\n\n\n<p>Komentarze go\u015bci mog\u0105 by\u0107 sprawdzane za pomoc\u0105 automatycznej us\u0142ugi wykrywania spamu.<\/p>\n\n\n\n<p><\/p>\n\n\n\n<h2 class=\"wp-block-heading\">Twoje dane kontaktowe<\/h2>\n\n\n\n<p>Dane osobowe nie b\u0119d\u0105 przechowywane d\u0142u\u017cej ni\u017c b\u0119dzie to konieczne do osi\u0105gni\u0119cia cel\u00f3w, do jakich dane zosta\u0142y zgromadzone lub d\u0142u\u017cej, jesli jest to wymagane przepisami prawa<\/p>\n\n\n\n<h2 class=\"wp-block-heading\">Polityka Zwrot\u00f3w<\/h2>\n\n\n\n<p>Zgodnie z art. 558 \u00a7 1 Kodeksu Cywilnego, strony wy\u0142\u0105czaj\u0105 odpowiedzialno\u015b\u0107 Sprzedawcy z tytu\u0142u r\u0119kojmi wobec Klient\u00f3w nieb\u0119d\u0105cych Konsumentami. Wszelkie naprawy gwarancyjne lub serwisowe odbywaj\u0105 si\u0119 w systemie 'carry-in&#8217;, co oznacza, \u017ce koszt dostarczenia i odbioru przedmiotu reklamacji spoczywa na Kupuj\u0105cym.<\/p>\n\n\n\n<p><\/p>\n","protected":false},"excerpt":{"rendered":"<p>Kim jeste\u015bmy Jeste\u015bmy firm\u0105 rodzinn\u0105, zajmujemy si\u0119 poligrafi\u0105, reklam\u0105 i grafik\u0105 od 1990 roku. Nasz\u0105 siedzib\u0105 firmy jest biuro i drukarnia w Rybniku &#8211; 44-217, przy ul. Kotucza 8. NIP 642 040 35 58 REGON 271056482, kontakt z nami: e-mail: allprint@allprint.pl strona www.allprint.pl tel. 32 42 22 392; 509 897 897 Ochrona prywatno\u015bci u\u017cytkownik\u00f3w www.allprint.pl [&hellip;]<\/p>\n","protected":false},"author":1,"featured_media":0,"parent":0,"menu_order":0,"comment_status":"closed","ping_status":"closed","template":"","meta":{"footnotes":""},"class_list":["post-56","page","type-page","status-publish","hentry","entry"],"_links":{"self":[{"href":"https:\/\/allprint.pl\/index.php\/wp-json\/wp\/v2\/pages\/56","targetHints":{"allow":["GET"]}}],"collection":[{"href":"https:\/\/allprint.pl\/index.php\/wp-json\/wp\/v2\/pages"}],"about":[{"href":"https:\/\/allprint.pl\/index.php\/wp-json\/wp\/v2\/types\/page"}],"author":[{"embeddable":true,"href":"https:\/\/allprint.pl\/index.php\/wp-json\/wp\/v2\/users\/1"}],"replies":[{"embeddable":true,"href":"https:\/\/allprint.pl\/index.php\/wp-json\/wp\/v2\/comments?post=56"}],"version-history":[{"count":5,"href":"https:\/\/allprint.pl\/index.php\/wp-json\/wp\/v2\/pages\/56\/revisions"}],"predecessor-version":[{"id":6754,"href":"https:\/\/allprint.pl\/index.php\/wp-json\/wp\/v2\/pages\/56\/revisions\/6754"}],"wp:attachment":[{"href":"https:\/\/allprint.pl\/index.php\/wp-json\/wp\/v2\/media?parent=56"}],"curies":[{"name":"wp","href":"https:\/\/api.w.org\/{rel}","templated":true}]}}