{"id":6089,"date":"2020-04-03T08:58:28","date_gmt":"2020-04-03T06:58:28","guid":{"rendered":"https:\/\/allprint.pl\/?page_id=6089"},"modified":"2020-05-12T09:45:31","modified_gmt":"2020-05-12T07:45:31","slug":"konkurs-plastyczny","status":"publish","type":"page","link":"https:\/\/allprint.pl\/index.php\/konkurs-plastyczny\/","title":{"rendered":"Konkurs plastyczny"},"content":{"rendered":"https:\/\/allprint.pl\/wp-content\/uploads\/2020\/04\/Konkurs-plastyczny.mp4\n<p>W ramach panuj\u0105cej sytuacji&#8230; proponujemy oderwanie si\u0119 od zalewu negatywnych informacji i przeniesienia si\u0119 do krainy w\u0142asnej wyobra\u017ani.<\/p>\n\n<h2 class=\"wp-block-heading\">W czym rzecz<\/h2>\n\n<h6><strong>Og\u0142aszamy konkurs na najciekawsz\u0105 prac\u0119 plastyczn\u0105, kt\u00f3r\u0105 my wydrukujemy na bia\u0142ym t-shircie. Tematem b\u0119d\u0105 zwierz\u0105tka wok\u00f3\u0142 nas. Udzia\u0142 mo\u017ce wzi\u0105\u0107 ka\u017cdy, bez ogranicze\u0144 wiekowych.<\/strong><\/h6>\n\n<p>By w jaki\u015b spos\u00f3b to uporz\u0105dkowa\u0107, zamieszczamy prosty regulamin, kt\u00f3ry m\u00f3wi o szczeg\u00f3\u0142ach, zasadach, Jury, czasie trwania etc.<\/p>\n\n<h2 class=\"wp-block-heading\">Regulamin Konkursu<\/h2>\n\n<ol class=\"wp-block-list\">\n<li>Organizatorem Konkursu jest Wydawnictwo Allprint z siedzib\u0105 w Rybniku, przy ul. Kotucza 8. e-mail: allprint@allprint.pl<\/li>\n<li>W konkursie mo\u017ce wzi\u0105\u0107 udzia\u0142 ka\u017cdy, bez ogranicze\u0144 wiekowych<\/li>\n<li>Temat konkursu to <strong>ZWIERZ\u0118TA WOK\u00d3\u0141 NAS<\/strong>, liczymy na Wasz\u0105 wyobra\u017ani\u0119 ale:<br \/>&#8211; nie b\u0119d\u0105 przyjmowane prace obsceniczne<br \/>&#8211; nie b\u0119d\u0105 przyjmowane prace obra\u017aliwe<\/li>\n<li>Czas trwania konkursu: do 15 kwietnia 2020 r.<\/li>\n<li>Wykonane prace musz\u0105 zosta\u0107 przes\u0142ane jako pliki graficzne (jpg, tiff, cdr, ai, pdf) na nasz adres e-mail: allprint@allprint.pl<\/li>\n<li>Parametry plik\u00f3w: format A4, rozdzielczo\u015b\u0107 150 &#8211; 200 dpi<\/li>\n<li>Forma dowolna, mo\u017ce to by\u0107 rysunek, fotografia, foto-grafika, kaligrafia etc&#8230;<\/li>\n<li>Wszystkie przes\u0142ane prace, b\u0119d\u0105 umieszczane na naszym Fanpage <a href=\"https:\/\/www.facebook.com\/nadrukinakoszulkach\">Nadruki na Koszulkach <\/a><\/li>\n<li>O wyborze pracy do druku na koszulce b\u0119dzie decydowa\u0142a najwi\u0119ksza liczba klikni\u0119\u0107 &#8222;Lubi\u0119 to&#8221; pod prac\u0105<\/li>\n<li>Po okre\u015bleniu Zwyci\u0119zcy Konkursu, Autor zostanie poproszony\/a o wskazanie rozmiaru koszulki.<\/li>\n<li>Odbi\u00f3r koszulki nast\u0105pi wy\u0142\u0105cznie osobi\u015bcie w siedzibie naszej firmy.<\/li>\n<li>Zdj\u0119cie Autora w koszulce z wydrukowan\u0105 grafik\u0105 zostanie umieszczone na naszym Fanpage <a href=\"https:\/\/www.facebook.com\/nadrukinakoszulkach\">Nadruki na Koszulkach <\/a><\/li>\n<li>Ka\u017cdy uczestnik mo\u017ce wystawi\u0107 jedn\u0105 prac\u0119.<\/li>\n<li>Prace przyjmowane b\u0119d\u0105 wy\u0142\u0105cznie na arkuszu konkursowym, kt\u00f3ry mo\u017cna pobra\u0107 po ni\u017cej:<\/li>\n<\/ol>\n\n<a href=\"https:\/\/allprint.pl\/wp-content\/uploads\/2020\/04\/arkusz.pdf\">arkusz konkursowy<\/a><a href=\"https:\/\/allprint.pl\/wp-content\/uploads\/2020\/04\/arkusz.pdf\" download=\"\">Pobierz<\/a>\n\t\t\n\t\t\t<figure class='gallery-item'>\n\t\t\t\t<a data-elementor-open-lightbox=\"yes\" data-elementor-lightbox-slideshow=\"657d079\" data-elementor-lightbox-title=\"Praca konkursowa nr 1\" href='https:\/\/allprint.pl\/wp-content\/uploads\/2020\/04\/Katarzyna-Piotrowska.jpg'><img loading=\"lazy\" decoding=\"async\" width=\"150\" height=\"150\" src=\"https:\/\/allprint.pl\/wp-content\/uploads\/2020\/04\/Katarzyna-Piotrowska-150x150.jpg\" alt=\"Katarzyna Piotrowska\" aria-describedby=\"gallery-1-6102\" srcset=\"https:\/\/allprint.pl\/wp-content\/uploads\/2020\/04\/Katarzyna-Piotrowska-150x150.jpg 150w, https:\/\/allprint.pl\/wp-content\/uploads\/2020\/04\/Katarzyna-Piotrowska-100x100.jpg 100w\" sizes=\"auto, (max-width: 150px) 100vw, 150px\" \/><\/a>\n\t\t\t\t<figcaption class='wp-caption-text gallery-caption' id='gallery-1-6102'>\n\t\t\t\tPraca konkursow NR 1\n\t\t\t\t<\/figcaption><\/figure><figure class='gallery-item'>\n\t\t\t\t<a data-elementor-open-lightbox=\"yes\" data-elementor-lightbox-slideshow=\"657d079\" data-elementor-lightbox-title=\"Barbara Glinska\" href='https:\/\/allprint.pl\/wp-content\/uploads\/2020\/05\/Barbara-Glinska-scaled.jpg'><img loading=\"lazy\" decoding=\"async\" width=\"150\" height=\"150\" src=\"https:\/\/allprint.pl\/wp-content\/uploads\/2020\/05\/Barbara-Glinska-150x150.jpg\" alt=\"\" aria-describedby=\"gallery-1-6110\" srcset=\"https:\/\/allprint.pl\/wp-content\/uploads\/2020\/05\/Barbara-Glinska-150x150.jpg 150w, https:\/\/allprint.pl\/wp-content\/uploads\/2020\/05\/Barbara-Glinska-100x100.jpg 100w\" sizes=\"auto, (max-width: 150px) 100vw, 150px\" \/><\/a>\n\t\t\t\t<figcaption class='wp-caption-text gallery-caption' id='gallery-1-6110'>\n\t\t\t\tPraca konkursowa Nr 2\n\t\t\t\t<\/figcaption><\/figure>\n\t\t\t<h2>Mamy wyniki konkursu<\/h2>\t\t\n\t\t<p>Przes\u0142ane prace zaszokowa\u0142y wszystkich pomys\u0142owo\u015bci\u0105, inwencj\u0105 tw\u00f3rcz\u0105 jaki i wykonaniem. Jednak\u017ce jak w ka\u017cdym konkursie, zgodnie z regulaminem, to jedna praca zostaje wybrana. Tym razem pad\u0142o na Ptaki Dreptaki. GRATULUJEMY!<\/p>\t\t\n\t\t\t<h2><a href=\"http:\/\/mobi.nowiny.rybnik.pl\/artykul,50359,ptaki-dreptaki-kasi-piotrowskiej-na-koszulkach.html?fbclid=IwAR1WIT_I4KF5HFBtxQdGpyvmuOhZ7tPlPuxORvQsDsTNif4pCipgngF9NmE\">i jeszcze taki kwiatek&#8230; \ud83d\ude09<\/a><\/h2>","protected":false},"excerpt":{"rendered":"<p>https:\/\/allprint.pl\/wp-content\/uploads\/2020\/04\/Konkurs-plastyczny.mp4 W ramach panuj\u0105cej sytuacji&#8230; proponujemy oderwanie si\u0119 od zalewu negatywnych informacji i przeniesienia si\u0119 do krainy w\u0142asnej wyobra\u017ani. W czym rzecz Og\u0142aszamy konkurs na najciekawsz\u0105 prac\u0119 plastyczn\u0105, kt\u00f3r\u0105 my wydrukujemy na bia\u0142ym t-shircie. Tematem b\u0119d\u0105 zwierz\u0105tka wok\u00f3\u0142 nas. Udzia\u0142 mo\u017ce wzi\u0105\u0107 ka\u017cdy, bez ogranicze\u0144 wiekowych. By w jaki\u015b spos\u00f3b to uporz\u0105dkowa\u0107, zamieszczamy prosty regulamin, [&hellip;]<\/p>\n","protected":false},"author":1,"featured_media":0,"parent":0,"menu_order":0,"comment_status":"closed","ping_status":"closed","template":"","meta":{"footnotes":""},"class_list":["post-6089","page","type-page","status-publish","hentry","entry"],"_links":{"self":[{"href":"https:\/\/allprint.pl\/index.php\/wp-json\/wp\/v2\/pages\/6089","targetHints":{"allow":["GET"]}}],"collection":[{"href":"https:\/\/allprint.pl\/index.php\/wp-json\/wp\/v2\/pages"}],"about":[{"href":"https:\/\/allprint.pl\/index.php\/wp-json\/wp\/v2\/types\/page"}],"author":[{"embeddable":true,"href":"https:\/\/allprint.pl\/index.php\/wp-json\/wp\/v2\/users\/1"}],"replies":[{"embeddable":true,"href":"https:\/\/allprint.pl\/index.php\/wp-json\/wp\/v2\/comments?post=6089"}],"version-history":[{"count":12,"href":"https:\/\/allprint.pl\/index.php\/wp-json\/wp\/v2\/pages\/6089\/revisions"}],"predecessor-version":[{"id":6113,"href":"https:\/\/allprint.pl\/index.php\/wp-json\/wp\/v2\/pages\/6089\/revisions\/6113"}],"wp:attachment":[{"href":"https:\/\/allprint.pl\/index.php\/wp-json\/wp\/v2\/media?parent=6089"}],"curies":[{"name":"wp","href":"https:\/\/api.w.org\/{rel}","templated":true}]}}