{"id":6148,"date":"2020-10-06T11:55:45","date_gmt":"2020-10-06T09:55:45","guid":{"rendered":"https:\/\/allprint.pl\/?page_id=6148"},"modified":"2021-02-12T14:04:00","modified_gmt":"2021-02-12T13:04:00","slug":"oprawa-prac-dyplomowych","status":"publish","type":"page","link":"https:\/\/allprint.pl\/index.php\/oprawa-prac-dyplomowych\/","title":{"rendered":"Oprawa Prac Dyplomowych"},"content":{"rendered":"<p><img decoding=\"async\" width=\"1024\" height=\"321\" src=\"https:\/\/allprint.pl\/wp-content\/uploads\/2020\/10\/Druk-i-oprawa-dl-1024x321.jpg\" alt=\"druk i oprawa prac\" loading=\"lazy\" srcset=\"https:\/\/allprint.pl\/wp-content\/uploads\/2020\/10\/Druk-i-oprawa-dl-1024x321.jpg 1024w, https:\/\/allprint.pl\/wp-content\/uploads\/2020\/10\/Druk-i-oprawa-dl-300x94.jpg 300w, https:\/\/allprint.pl\/wp-content\/uploads\/2020\/10\/Druk-i-oprawa-dl-768x240.jpg 768w, https:\/\/allprint.pl\/wp-content\/uploads\/2020\/10\/Druk-i-oprawa-dl-600x188.jpg 600w, https:\/\/allprint.pl\/wp-content\/uploads\/2020\/10\/Druk-i-oprawa-dl.jpg 1134w\" sizes=\"auto, (max-width: 1024px) 100vw, 1024px\"><br \/>\n<img decoding=\"async\" width=\"378\" height=\"369\" src=\"https:\/\/allprint.pl\/wp-content\/uploads\/2020\/10\/fot-1.jpg\" alt=\"oprawa prac\" loading=\"lazy\" srcset=\"https:\/\/allprint.pl\/wp-content\/uploads\/2020\/10\/fot-1.jpg 378w, https:\/\/allprint.pl\/wp-content\/uploads\/2020\/10\/fot-1-300x293.jpg 300w\" sizes=\"auto, (max-width: 378px) 100vw, 378px\"><\/p>\n<p>Druk i oprawa prac to nasza codzienno\u015b\u0107.<\/p>\n<p>Pliki do druku prosimy przygotowa\u0107 w plikach pdf. Pozwoli to na unikni\u0119cie rozbie\u017cno\u015bci w sk\u0142adach waszych prac.<\/p>\n<p>Oprawy twarde opisujemy w technologii Hot-Stamping, czyli t\u0142oczymy napisy foli\u0105 na gor\u0105co.<br \/>\nW standardzie posiadamy matryce do prac:<br \/>\nLICENCJACKA<br \/>\nDYPLOMOWA<br \/>\nMAGISTERSKA<br \/>\nDOKTORSKA<br \/>\nIN\u017bYNIERSKA<br \/>\nROZPRAWA<\/p>\n<p><img decoding=\"async\" width=\"1000\" height=\"1000\" src=\"https:\/\/allprint.pl\/wp-content\/uploads\/2020\/10\/matryce.jpg\" alt=\"Hot-stamping\" loading=\"lazy\" srcset=\"https:\/\/allprint.pl\/wp-content\/uploads\/2020\/10\/matryce.jpg 1000w, https:\/\/allprint.pl\/wp-content\/uploads\/2020\/10\/matryce-300x300.jpg 300w, https:\/\/allprint.pl\/wp-content\/uploads\/2020\/10\/matryce-150x150.jpg 150w, https:\/\/allprint.pl\/wp-content\/uploads\/2020\/10\/matryce-768x768.jpg 768w, https:\/\/allprint.pl\/wp-content\/uploads\/2020\/10\/matryce-600x600.jpg 600w, https:\/\/allprint.pl\/wp-content\/uploads\/2020\/10\/matryce-100x100.jpg 100w\" sizes=\"auto, (max-width: 1000px) 100vw, 1000px\"><br \/>\n<img decoding=\"async\" width=\"1000\" height=\"1007\" src=\"https:\/\/allprint.pl\/wp-content\/uploads\/2020\/10\/hot.jpg\" alt=\"T\u0142oczenie tytu\u0142u\" loading=\"lazy\" srcset=\"https:\/\/allprint.pl\/wp-content\/uploads\/2020\/10\/hot.jpg 1000w, https:\/\/allprint.pl\/wp-content\/uploads\/2020\/10\/hot-298x300.jpg 298w, https:\/\/allprint.pl\/wp-content\/uploads\/2020\/10\/hot-150x150.jpg 150w, https:\/\/allprint.pl\/wp-content\/uploads\/2020\/10\/hot-768x773.jpg 768w, https:\/\/allprint.pl\/wp-content\/uploads\/2020\/10\/hot-300x302.jpg 300w, https:\/\/allprint.pl\/wp-content\/uploads\/2020\/10\/hot-600x604.jpg 600w, https:\/\/allprint.pl\/wp-content\/uploads\/2020\/10\/hot-100x100.jpg 100w\" sizes=\"auto, (max-width: 1000px) 100vw, 1000px\"><\/p>\n<p>Hot &#8211; stamping to nasza specjalnos\u0107. T\u0142oczymy foli\u0105 z\u0142ot\u0105, srebrn\u0105 lub w kolorze PANTON.<\/p>\n<p>Oprawy twarde wykonujemy w systemie Metalbind oraz Termozgrzewalne.<\/p>\n<p>Polecamy druk tablic ekspozycyjnych &#8211; standy.<br \/>\nStosujemy podk\u0142ad tablic z p\u0142yt piankowych board KAPA<br \/>\nP\u0142yta posiada rdze\u0144 poliuretanowy ob\u0142o\u017cony obustronnie ok\u0142adzin\u0105 kartonow\u0105. Mo\u017cna j\u0105 \u0142atwo ci\u0105\u0107 no\u017cykiem.<\/p>\n<p><strong>G\u0142\u00f3wne jej cechy:<br \/>\n<\/strong>&#8211; lekkie<br \/>\n&#8211; sztywne<br \/>\n&#8211; posiadaj\u0105 elastyczny rdze\u0144 o dobrej spr\u0119\u017cysto\u015bci<br \/>\n&#8211; maja r\u00f3wn\u0105 i p\u0142ask\u0105 powierzchni\u0119<br \/>\n&#8211; s\u0105 \u0142atwe w obr\u00f3bce i ci\u0119ciu<\/p>\n<p><img decoding=\"async\" width=\"378\" height=\"391\" src=\"https:\/\/allprint.pl\/wp-content\/uploads\/2020\/10\/Tablice.jpg\" alt=\"Tablice ekspozycyjne\" loading=\"lazy\" srcset=\"https:\/\/allprint.pl\/wp-content\/uploads\/2020\/10\/Tablice.jpg 378w, https:\/\/allprint.pl\/wp-content\/uploads\/2020\/10\/Tablice-290x300.jpg 290w, https:\/\/allprint.pl\/wp-content\/uploads\/2020\/10\/Tablice-300x310.jpg 300w\" sizes=\"auto, (max-width: 378px) 100vw, 378px\"><\/p>\n","protected":false},"excerpt":{"rendered":"<p>Druk i oprawa prac to nasza codzienno\u015b\u0107. Pliki do druku prosimy przygotowa\u0107 w plikach pdf. Pozwoli to na unikni\u0119cie rozbie\u017cno\u015bci w sk\u0142adach waszych prac. Oprawy twarde opisujemy w technologii Hot-Stamping, czyli t\u0142oczymy napisy foli\u0105 na gor\u0105co. W standardzie posiadamy matryce do prac: LICENCJACKA DYPLOMOWA MAGISTERSKA DOKTORSKA IN\u017bYNIERSKA ROZPRAWA Hot &#8211; stamping to nasza specjalnos\u0107. T\u0142oczymy [&hellip;]<\/p>\n","protected":false},"author":1,"featured_media":0,"parent":0,"menu_order":0,"comment_status":"closed","ping_status":"closed","template":"","meta":{"footnotes":""},"class_list":["post-6148","page","type-page","status-publish","hentry","entry"],"_links":{"self":[{"href":"https:\/\/allprint.pl\/index.php\/wp-json\/wp\/v2\/pages\/6148","targetHints":{"allow":["GET"]}}],"collection":[{"href":"https:\/\/allprint.pl\/index.php\/wp-json\/wp\/v2\/pages"}],"about":[{"href":"https:\/\/allprint.pl\/index.php\/wp-json\/wp\/v2\/types\/page"}],"author":[{"embeddable":true,"href":"https:\/\/allprint.pl\/index.php\/wp-json\/wp\/v2\/users\/1"}],"replies":[{"embeddable":true,"href":"https:\/\/allprint.pl\/index.php\/wp-json\/wp\/v2\/comments?post=6148"}],"version-history":[{"count":9,"href":"https:\/\/allprint.pl\/index.php\/wp-json\/wp\/v2\/pages\/6148\/revisions"}],"predecessor-version":[{"id":6259,"href":"https:\/\/allprint.pl\/index.php\/wp-json\/wp\/v2\/pages\/6148\/revisions\/6259"}],"wp:attachment":[{"href":"https:\/\/allprint.pl\/index.php\/wp-json\/wp\/v2\/media?parent=6148"}],"curies":[{"name":"wp","href":"https:\/\/api.w.org\/{rel}","templated":true}]}}