{"id":6478,"date":"2021-07-21T12:53:11","date_gmt":"2021-07-21T10:53:11","guid":{"rendered":"https:\/\/allprint.pl\/?page_id=6478"},"modified":"2025-08-14T14:19:01","modified_gmt":"2025-08-14T12:19:01","slug":"klepsydry","status":"publish","type":"page","link":"https:\/\/allprint.pl\/index.php\/klepsydry\/","title":{"rendered":"KLEPSYDRY NOWOCZESNE"},"content":{"rendered":"<h1>Katalog klepsydr nowoczesnych<\/h1>\n<p>Mamy przyjemno\u015b\u0107 zaprezentowa\u0107 Pa\u0144stwu Katalog Klepsydr Nowoczesnych. <br \/>Wykonane grafiki to propozycje, kt\u00f3re w znacznym stopniu odbiegaj\u0105 od tradycyjnych form graficznych.<\/p>\n<p>Nowo\u015bci\u0105, kt\u00f3r\u0105 pragniemy przedstawi\u0107 jest technologia t\u0142oczenia foli\u0105 na gor\u0105co, tzw. <a href=\"https:\/\/allprint.pl\/index.php\/druk-arkuszowy\/\">HOT &#8211; STAMPING<\/a>.<\/p>\n<p>Sygnet na Klepsydrze t\u0142oczony foli\u0105, w postaci krzy\u017ca lub p\u0142omyka, zawsze przyci\u0105gnie wzrok i zwr\u00f3ci uwag\u0119 czytaj\u0105cego. Ponadto w wi\u0119kszo\u015bci wzor\u00f3w dobrany zosta\u0142 srebrny kolor folii do t\u0142oczenia, co w korelacji z grafik\u0105 nadaje wyj\u0105tkowy klimat.<br \/>W pami\u0119ci os\u00f3b czytaj\u0105cych nekrolog, pozostanie nie tylko informacja o zmar\u0142ym ale r\u00f3wnie\u017c drobiazg, kt\u00f3ry mo\u017ce zdecydowa\u0107 o wyborze w przysz\u0142o\u015bci.<\/p>\n<p>Prezentowana kolekcja klepsydr sprzedawana jest do samodzielnego zadruku tre\u015bci dotycz\u0105cej danej osoby.<br \/>Otrzymuj\u0105 Pa\u0144stwo arkusze z wydrukowan\u0105 grafik\u0105 i t\u0142oczonym sygnetem krzy\u017ca z wolnym polem na wdrukowanie tre\u015bci klepsydry.<\/p>\n<p>\t\t\t\t\t\t\t\t\t\t\t\t\t\t\t<img decoding=\"async\" width=\"800\" height=\"619\" src=\"https:\/\/allprint.pl\/wp-content\/uploads\/2021\/02\/hotstamping-2.jpg\" alt=\"Hot-Stampibg\" loading=\"lazy\" srcset=\"https:\/\/allprint.pl\/wp-content\/uploads\/2021\/02\/hotstamping-2.jpg 800w, https:\/\/allprint.pl\/wp-content\/uploads\/2021\/02\/hotstamping-2-300x232.jpg 300w, https:\/\/allprint.pl\/wp-content\/uploads\/2021\/02\/hotstamping-2-768x594.jpg 768w, https:\/\/allprint.pl\/wp-content\/uploads\/2021\/02\/hotstamping-2-600x464.jpg 600w\" sizes=\"auto, (max-width: 800px) 100vw, 800px\" \/>\t\t\t\t\t\t\t\t\t\t\t\t\t\t\t<\/p>\n<h2>Czym jest Hot-Stamping?<\/h2>\n<p>Technologia Hot-Stampingu &#8211; t\u0142oczenia foli\u0105 na gor\u0105co, to ekskluzywna forma zdobienia wyrob\u00f3w poligraficznych, stosowana min. w wysokiej jako\u015bci produktach &#8211; kosmetyki, opakowania s\u0142odyczy, etykiety kolekcji ubra\u0144 etc.<\/p>\n<p>T\u0142oczenie foli\u0105 w niezwyk\u0142y spos\u00f3b przyci\u0105ga wzrok, zwraca uwag\u0119, zapada w pami\u0119\u0107 odbiorcy, a to stanowi o Pa\u0144stwa sukcesie.<\/p>\n<p>\t\t\t\t\t\t\t\t\t\t\t\t\t\t\t<img decoding=\"async\" width=\"800\" height=\"602\" src=\"https:\/\/allprint.pl\/wp-content\/uploads\/2021\/02\/hotstamping.jpg\" alt=\"hotstamping\" loading=\"lazy\" srcset=\"https:\/\/allprint.pl\/wp-content\/uploads\/2021\/02\/hotstamping.jpg 800w, https:\/\/allprint.pl\/wp-content\/uploads\/2021\/02\/hotstamping-300x226.jpg 300w, https:\/\/allprint.pl\/wp-content\/uploads\/2021\/02\/hotstamping-768x578.jpg 768w, https:\/\/allprint.pl\/wp-content\/uploads\/2021\/02\/hotstamping-600x452.jpg 600w\" sizes=\"auto, (max-width: 800px) 100vw, 800px\" \/>\t\t\t\t\t\t\t\t\t\t\t\t\t\t\t<\/p>\n<h2>Barwa ma znaczenie<\/h2>\n<p>Wykorzystanie srebrnej folii do t\u0142oczenia w korelacji z czarno-bia\u0142\u0105 grafik\u0105 to doskona\u0142e po\u0142\u0105czenie. Efekt? Oce\u0144cie sami.<\/p>\n<p>\t\t\t\t\t\t\t\t\t\t\t\t\t\t\t<img decoding=\"async\" width=\"750\" height=\"1000\" src=\"https:\/\/allprint.pl\/wp-content\/uploads\/2021\/07\/20210727_130204.jpg\" alt=\"\" loading=\"lazy\" srcset=\"https:\/\/allprint.pl\/wp-content\/uploads\/2021\/07\/20210727_130204.jpg 750w, https:\/\/allprint.pl\/wp-content\/uploads\/2021\/07\/20210727_130204-225x300.jpg 225w, https:\/\/allprint.pl\/wp-content\/uploads\/2021\/07\/20210727_130204-300x400.jpg 300w, https:\/\/allprint.pl\/wp-content\/uploads\/2021\/07\/20210727_130204-600x800.jpg 600w\" sizes=\"auto, (max-width: 750px) 100vw, 750px\" \/><br \/>\n\t\t\t\t\t\t\t\t\t\t\t\t\t\t\t<img decoding=\"async\" width=\"748\" height=\"1000\" src=\"https:\/\/allprint.pl\/wp-content\/uploads\/2021\/07\/20210727_123114.jpg\" alt=\"p\u0142omyk\" loading=\"lazy\" srcset=\"https:\/\/allprint.pl\/wp-content\/uploads\/2021\/07\/20210727_123114.jpg 748w, https:\/\/allprint.pl\/wp-content\/uploads\/2021\/07\/20210727_123114-224x300.jpg 224w, https:\/\/allprint.pl\/wp-content\/uploads\/2021\/07\/20210727_123114-300x401.jpg 300w, https:\/\/allprint.pl\/wp-content\/uploads\/2021\/07\/20210727_123114-600x802.jpg 600w\" sizes=\"auto, (max-width: 748px) 100vw, 748px\" \/>\t\t\t\t\t\t\t\t\t\t\t\t\t\t\t<\/p>\n<h2>R\u00f3\u017cnorodno\u015b\u0107 znakowania <\/h2>\n<p>Wprowadzili\u015bmy grafik\u0119 p\u0142omienia dla klepsydr \u015bwieckich.<\/p>\n<h1>Katalog Klepsydr<\/h1>\n<h2>Wzory nowoczesne<\/h2>\n<figure class='gallery-item'>\n\t\t\t\t<a data-elementor-open-lightbox=\"yes\" data-elementor-lightbox-slideshow=\"b94c8ee\" data-elementor-lightbox-title=\"WN 1\" data-e-action-hash=\"#elementor-action%3Aaction%3Dlightbox%26settings%3DeyJpZCI6NjY4MCwidXJsIjoiaHR0cHM6XC9cL2FsbHByaW50LnBsXC93cC1jb250ZW50XC91cGxvYWRzXC8yMDI1XC8wOFwvV04tMUEtc2NhbGVkLmpwZyIsInNsaWRlc2hvdyI6ImI5NGM4ZWUifQ%3D%3D\" href='https:\/\/allprint.pl\/wp-content\/uploads\/2025\/08\/WN-1A-scaled.jpg'><img decoding=\"async\" width=\"150\" height=\"150\" src=\"https:\/\/allprint.pl\/wp-content\/uploads\/2025\/08\/WN-1A-150x150.jpg\" alt=\"WN 1\" loading=\"lazy\" aria-describedby=\"gallery-3-6680\" srcset=\"https:\/\/allprint.pl\/wp-content\/uploads\/2025\/08\/WN-1A-150x150.jpg 150w, https:\/\/allprint.pl\/wp-content\/uploads\/2025\/08\/WN-1A-600x600.jpg 600w, https:\/\/allprint.pl\/wp-content\/uploads\/2025\/08\/WN-1A-100x100.jpg 100w\" sizes=\"auto, (max-width: 150px) 100vw, 150px\" \/><\/a><figcaption class='wp-caption-text gallery-caption' id='gallery-3-6680'>\n\t\t\t\tWN 1<br \/>\n\t\t\t\t<\/figcaption><\/figure>\n<figure class='gallery-item'>\n\t\t\t\t<a data-elementor-open-lightbox=\"yes\" data-elementor-lightbox-slideshow=\"b94c8ee\" data-elementor-lightbox-title=\"WN 2\" data-e-action-hash=\"#elementor-action%3Aaction%3Dlightbox%26settings%3DeyJpZCI6NjQ4MCwidXJsIjoiaHR0cHM6XC9cL2FsbHByaW50LnBsXC93cC1jb250ZW50XC91cGxvYWRzXC8yMDIxXC8wN1wvV04tMi1zY2FsZWQuanBnIiwic2xpZGVzaG93IjoiYjk0YzhlZSJ9\" href='https:\/\/allprint.pl\/wp-content\/uploads\/2021\/07\/WN-2-scaled.jpg'><img decoding=\"async\" width=\"150\" height=\"150\" src=\"https:\/\/allprint.pl\/wp-content\/uploads\/2021\/07\/WN-2-150x150.jpg\" alt=\"\" loading=\"lazy\" aria-describedby=\"gallery-3-6480\" srcset=\"https:\/\/allprint.pl\/wp-content\/uploads\/2021\/07\/WN-2-150x150.jpg 150w, https:\/\/allprint.pl\/wp-content\/uploads\/2021\/07\/WN-2-100x100.jpg 100w\" sizes=\"auto, (max-width: 150px) 100vw, 150px\" \/><\/a><figcaption class='wp-caption-text gallery-caption' id='gallery-3-6480'>\n\t\t\t\tWN 2<br \/>\n\t\t\t\t<\/figcaption><\/figure>\n<figure class='gallery-item'>\n\t\t\t\t<a data-elementor-open-lightbox=\"yes\" data-elementor-lightbox-slideshow=\"b94c8ee\" data-elementor-lightbox-title=\"WN 3\" data-e-action-hash=\"#elementor-action%3Aaction%3Dlightbox%26settings%3DeyJpZCI6NjQ4MSwidXJsIjoiaHR0cHM6XC9cL2FsbHByaW50LnBsXC93cC1jb250ZW50XC91cGxvYWRzXC8yMDIxXC8wN1wvV04tMy1zY2FsZWQuanBnIiwic2xpZGVzaG93IjoiYjk0YzhlZSJ9\" href='https:\/\/allprint.pl\/wp-content\/uploads\/2021\/07\/WN-3-scaled.jpg'><img decoding=\"async\" width=\"150\" height=\"150\" src=\"https:\/\/allprint.pl\/wp-content\/uploads\/2021\/07\/WN-3-150x150.jpg\" alt=\"\" loading=\"lazy\" aria-describedby=\"gallery-3-6481\" srcset=\"https:\/\/allprint.pl\/wp-content\/uploads\/2021\/07\/WN-3-150x150.jpg 150w, https:\/\/allprint.pl\/wp-content\/uploads\/2021\/07\/WN-3-100x100.jpg 100w\" sizes=\"auto, (max-width: 150px) 100vw, 150px\" \/><\/a><figcaption class='wp-caption-text gallery-caption' id='gallery-3-6481'>\n\t\t\t\tWN 3<br \/>\n\t\t\t\t<\/figcaption><\/figure>\n<figure class='gallery-item'>\n\t\t\t\t<a data-elementor-open-lightbox=\"yes\" data-elementor-lightbox-slideshow=\"b94c8ee\" data-elementor-lightbox-title=\"WN 4\" data-e-action-hash=\"#elementor-action%3Aaction%3Dlightbox%26settings%3DeyJpZCI6NjQ4MiwidXJsIjoiaHR0cHM6XC9cL2FsbHByaW50LnBsXC93cC1jb250ZW50XC91cGxvYWRzXC8yMDIxXC8wN1wvV04tNC1zY2FsZWQuanBnIiwic2xpZGVzaG93IjoiYjk0YzhlZSJ9\" href='https:\/\/allprint.pl\/wp-content\/uploads\/2021\/07\/WN-4-scaled.jpg'><img decoding=\"async\" width=\"150\" height=\"150\" src=\"https:\/\/allprint.pl\/wp-content\/uploads\/2021\/07\/WN-4-150x150.jpg\" alt=\"\" loading=\"lazy\" aria-describedby=\"gallery-3-6482\" srcset=\"https:\/\/allprint.pl\/wp-content\/uploads\/2021\/07\/WN-4-150x150.jpg 150w, https:\/\/allprint.pl\/wp-content\/uploads\/2021\/07\/WN-4-100x100.jpg 100w\" sizes=\"auto, (max-width: 150px) 100vw, 150px\" \/><\/a><figcaption class='wp-caption-text gallery-caption' id='gallery-3-6482'>\n\t\t\t\tWN 4<br \/>\n\t\t\t\t<\/figcaption><\/figure>\n<figure class='gallery-item'>\n\t\t\t\t<a data-elementor-open-lightbox=\"yes\" data-elementor-lightbox-slideshow=\"b94c8ee\" data-elementor-lightbox-title=\"WN 5AN\" data-e-action-hash=\"#elementor-action%3Aaction%3Dlightbox%26settings%3DeyJpZCI6NjY1NCwidXJsIjoiaHR0cHM6XC9cL2FsbHByaW50LnBsXC93cC1jb250ZW50XC91cGxvYWRzXC8yMDI1XC8wOFwvV04tNUFOLXNjYWxlZC5qcGciLCJzbGlkZXNob3ciOiJiOTRjOGVlIn0%3D\" href='https:\/\/allprint.pl\/wp-content\/uploads\/2025\/08\/WN-5AN-scaled.jpg'><img decoding=\"async\" width=\"150\" height=\"150\" src=\"https:\/\/allprint.pl\/wp-content\/uploads\/2025\/08\/WN-5AN-150x150.jpg\" alt=\"WN 5\" loading=\"lazy\" aria-describedby=\"gallery-3-6654\" srcset=\"https:\/\/allprint.pl\/wp-content\/uploads\/2025\/08\/WN-5AN-150x150.jpg 150w, https:\/\/allprint.pl\/wp-content\/uploads\/2025\/08\/WN-5AN-600x600.jpg 600w, https:\/\/allprint.pl\/wp-content\/uploads\/2025\/08\/WN-5AN-100x100.jpg 100w\" sizes=\"auto, (max-width: 150px) 100vw, 150px\" \/><\/a><figcaption class='wp-caption-text gallery-caption' id='gallery-3-6654'>\n\t\t\t\tWN 5<br \/>\n\t\t\t\t<\/figcaption><\/figure>\n<figure class='gallery-item'>\n\t\t\t\t<a data-elementor-open-lightbox=\"yes\" data-elementor-lightbox-slideshow=\"b94c8ee\" data-elementor-lightbox-title=\"WN 6\" data-e-action-hash=\"#elementor-action%3Aaction%3Dlightbox%26settings%3DeyJpZCI6NjYzOSwidXJsIjoiaHR0cHM6XC9cL2FsbHByaW50LnBsXC93cC1jb250ZW50XC91cGxvYWRzXC8yMDI1XC8wOFwvNS1zY2FsZWQuanBnIiwic2xpZGVzaG93IjoiYjk0YzhlZSJ9\" href='https:\/\/allprint.pl\/wp-content\/uploads\/2025\/08\/5-scaled.jpg'><img decoding=\"async\" width=\"150\" height=\"150\" src=\"https:\/\/allprint.pl\/wp-content\/uploads\/2025\/08\/5-150x150.jpg\" alt=\"WN 6\" loading=\"lazy\" aria-describedby=\"gallery-3-6639\" srcset=\"https:\/\/allprint.pl\/wp-content\/uploads\/2025\/08\/5-150x150.jpg 150w, https:\/\/allprint.pl\/wp-content\/uploads\/2025\/08\/5-600x600.jpg 600w, https:\/\/allprint.pl\/wp-content\/uploads\/2025\/08\/5-100x100.jpg 100w\" sizes=\"auto, (max-width: 150px) 100vw, 150px\" \/><\/a><figcaption class='wp-caption-text gallery-caption' id='gallery-3-6639'>\n\t\t\t\tWN 6<br \/>\n\t\t\t\t<\/figcaption><\/figure>\n<figure class='gallery-item'>\n\t\t\t\t<a data-elementor-open-lightbox=\"yes\" data-elementor-lightbox-slideshow=\"b94c8ee\" data-elementor-lightbox-title=\"WN 7\" data-e-action-hash=\"#elementor-action%3Aaction%3Dlightbox%26settings%3DeyJpZCI6NjQ4NSwidXJsIjoiaHR0cHM6XC9cL2FsbHByaW50LnBsXC93cC1jb250ZW50XC91cGxvYWRzXC8yMDIxXC8wN1wvV04tNy1zY2FsZWQuanBnIiwic2xpZGVzaG93IjoiYjk0YzhlZSJ9\" href='https:\/\/allprint.pl\/wp-content\/uploads\/2021\/07\/WN-7-scaled.jpg'><img decoding=\"async\" width=\"150\" height=\"150\" src=\"https:\/\/allprint.pl\/wp-content\/uploads\/2021\/07\/WN-7-150x150.jpg\" alt=\"\" loading=\"lazy\" aria-describedby=\"gallery-3-6485\" srcset=\"https:\/\/allprint.pl\/wp-content\/uploads\/2021\/07\/WN-7-150x150.jpg 150w, https:\/\/allprint.pl\/wp-content\/uploads\/2021\/07\/WN-7-100x100.jpg 100w\" sizes=\"auto, (max-width: 150px) 100vw, 150px\" \/><\/a><figcaption class='wp-caption-text gallery-caption' id='gallery-3-6485'>\n\t\t\t\tWN 7<br \/>\n\t\t\t\t<\/figcaption><\/figure>\n<figure class='gallery-item'>\n\t\t\t\t<a data-elementor-open-lightbox=\"yes\" data-elementor-lightbox-slideshow=\"b94c8ee\" data-elementor-lightbox-title=\"WN 8\" data-e-action-hash=\"#elementor-action%3Aaction%3Dlightbox%26settings%3DeyJpZCI6NjQ4NiwidXJsIjoiaHR0cHM6XC9cL2FsbHByaW50LnBsXC93cC1jb250ZW50XC91cGxvYWRzXC8yMDIxXC8wN1wvV04tOC1zY2FsZWQuanBnIiwic2xpZGVzaG93IjoiYjk0YzhlZSJ9\" href='https:\/\/allprint.pl\/wp-content\/uploads\/2021\/07\/WN-8-scaled.jpg'><img decoding=\"async\" width=\"150\" height=\"150\" src=\"https:\/\/allprint.pl\/wp-content\/uploads\/2021\/07\/WN-8-150x150.jpg\" alt=\"\" loading=\"lazy\" aria-describedby=\"gallery-3-6486\" srcset=\"https:\/\/allprint.pl\/wp-content\/uploads\/2021\/07\/WN-8-150x150.jpg 150w, https:\/\/allprint.pl\/wp-content\/uploads\/2021\/07\/WN-8-100x100.jpg 100w\" sizes=\"auto, (max-width: 150px) 100vw, 150px\" \/><\/a><figcaption class='wp-caption-text gallery-caption' id='gallery-3-6486'>\n\t\t\t\tWN 8<br \/>\n\t\t\t\t<\/figcaption><\/figure>\n<figure class='gallery-item'>\n\t\t\t\t<a data-elementor-open-lightbox=\"yes\" data-elementor-lightbox-slideshow=\"b94c8ee\" data-elementor-lightbox-title=\"WN 9\" data-e-action-hash=\"#elementor-action%3Aaction%3Dlightbox%26settings%3DeyJpZCI6NjQ4NywidXJsIjoiaHR0cHM6XC9cL2FsbHByaW50LnBsXC93cC1jb250ZW50XC91cGxvYWRzXC8yMDIxXC8wN1wvV04tOS1zY2FsZWQuanBnIiwic2xpZGVzaG93IjoiYjk0YzhlZSJ9\" href='https:\/\/allprint.pl\/wp-content\/uploads\/2021\/07\/WN-9-scaled.jpg'><img decoding=\"async\" width=\"150\" height=\"150\" src=\"https:\/\/allprint.pl\/wp-content\/uploads\/2021\/07\/WN-9-150x150.jpg\" alt=\"\" loading=\"lazy\" aria-describedby=\"gallery-3-6487\" srcset=\"https:\/\/allprint.pl\/wp-content\/uploads\/2021\/07\/WN-9-150x150.jpg 150w, https:\/\/allprint.pl\/wp-content\/uploads\/2021\/07\/WN-9-100x100.jpg 100w\" sizes=\"auto, (max-width: 150px) 100vw, 150px\" \/><\/a><figcaption class='wp-caption-text gallery-caption' id='gallery-3-6487'>\n\t\t\t\tWN 9<br \/>\n\t\t\t\t<\/figcaption><\/figure>\n<figure class='gallery-item'>\n\t\t\t\t<a data-elementor-open-lightbox=\"yes\" data-elementor-lightbox-slideshow=\"b94c8ee\" data-elementor-lightbox-title=\"WN 10\" data-e-action-hash=\"#elementor-action%3Aaction%3Dlightbox%26settings%3DeyJpZCI6NjY2NywidXJsIjoiaHR0cHM6XC9cL2FsbHByaW50LnBsXC93cC1jb250ZW50XC91cGxvYWRzXC8yMDI1XC8wOFwvV04tMTAtc2NhbGVkLmpwZyIsInNsaWRlc2hvdyI6ImI5NGM4ZWUifQ%3D%3D\" href='https:\/\/allprint.pl\/wp-content\/uploads\/2025\/08\/WN-10-scaled.jpg'><img decoding=\"async\" width=\"150\" height=\"150\" src=\"https:\/\/allprint.pl\/wp-content\/uploads\/2025\/08\/WN-10-150x150.jpg\" alt=\"WN 10\" loading=\"lazy\" aria-describedby=\"gallery-3-6667\" srcset=\"https:\/\/allprint.pl\/wp-content\/uploads\/2025\/08\/WN-10-150x150.jpg 150w, https:\/\/allprint.pl\/wp-content\/uploads\/2025\/08\/WN-10-600x600.jpg 600w, https:\/\/allprint.pl\/wp-content\/uploads\/2025\/08\/WN-10-100x100.jpg 100w\" sizes=\"auto, (max-width: 150px) 100vw, 150px\" \/><\/a><figcaption class='wp-caption-text gallery-caption' id='gallery-3-6667'>\n\t\t\t\tWN 10<br \/>\n\t\t\t\t<\/figcaption><\/figure>\n<figure class='gallery-item'>\n\t\t\t\t<a data-elementor-open-lightbox=\"yes\" data-elementor-lightbox-slideshow=\"b94c8ee\" data-elementor-lightbox-title=\"WN 11\" data-e-action-hash=\"#elementor-action%3Aaction%3Dlightbox%26settings%3DeyJpZCI6NjY3MSwidXJsIjoiaHR0cHM6XC9cL2FsbHByaW50LnBsXC93cC1jb250ZW50XC91cGxvYWRzXC8yMDI1XC8wOFwvV04tMTEtc2NhbGVkLmpwZyIsInNsaWRlc2hvdyI6ImI5NGM4ZWUifQ%3D%3D\" href='https:\/\/allprint.pl\/wp-content\/uploads\/2025\/08\/WN-11-scaled.jpg'><img decoding=\"async\" width=\"150\" height=\"150\" src=\"https:\/\/allprint.pl\/wp-content\/uploads\/2025\/08\/WN-11-150x150.jpg\" alt=\"WN 11\" loading=\"lazy\" aria-describedby=\"gallery-3-6671\" srcset=\"https:\/\/allprint.pl\/wp-content\/uploads\/2025\/08\/WN-11-150x150.jpg 150w, https:\/\/allprint.pl\/wp-content\/uploads\/2025\/08\/WN-11-600x600.jpg 600w, https:\/\/allprint.pl\/wp-content\/uploads\/2025\/08\/WN-11-100x100.jpg 100w\" sizes=\"auto, (max-width: 150px) 100vw, 150px\" \/><\/a><figcaption class='wp-caption-text gallery-caption' id='gallery-3-6671'>\n\t\t\t\tWN 11<br \/>\n\t\t\t\t<\/figcaption><\/figure>\n<figure class='gallery-item'>\n\t\t\t\t<a data-elementor-open-lightbox=\"yes\" data-elementor-lightbox-slideshow=\"b94c8ee\" data-elementor-lightbox-title=\"WN 12\" data-e-action-hash=\"#elementor-action%3Aaction%3Dlightbox%26settings%3DeyJpZCI6NjY2MywidXJsIjoiaHR0cHM6XC9cL2FsbHByaW50LnBsXC93cC1jb250ZW50XC91cGxvYWRzXC8yMDI1XC8wOFwvV04tMTItc2NhbGVkLmpwZyIsInNsaWRlc2hvdyI6ImI5NGM4ZWUifQ%3D%3D\" href='https:\/\/allprint.pl\/wp-content\/uploads\/2025\/08\/WN-12-scaled.jpg'><img decoding=\"async\" width=\"150\" height=\"150\" src=\"https:\/\/allprint.pl\/wp-content\/uploads\/2025\/08\/WN-12-150x150.jpg\" alt=\"WN 12\" loading=\"lazy\" aria-describedby=\"gallery-3-6663\" srcset=\"https:\/\/allprint.pl\/wp-content\/uploads\/2025\/08\/WN-12-150x150.jpg 150w, https:\/\/allprint.pl\/wp-content\/uploads\/2025\/08\/WN-12-600x600.jpg 600w, https:\/\/allprint.pl\/wp-content\/uploads\/2025\/08\/WN-12-100x100.jpg 100w\" sizes=\"auto, (max-width: 150px) 100vw, 150px\" \/><\/a><figcaption class='wp-caption-text gallery-caption' id='gallery-3-6663'>\n\t\t\t\tWN 12<br \/>\n\t\t\t\t<\/figcaption><\/figure>\n<h2>Propozycje zakupu pakiet\u00f3w<\/h2>\n<h2>PAKIET 100<\/h2>\n<p>Pakiet 100 to komplet 100 szt. klepsydr, gdzie krzy\u017c t\u0142oczony jest foli\u0105 (hot-stamping)<\/p>\n<p>260z\u0142 brutto<\/p>\n<h2>PAKIET 200<\/h2>\n<p>Pakiet 200 to komplet 200 szt. klepsydr, gdzie krzy\u017c t\u0142oczony jest foli\u0105 (hot-stamping)<\/p>\n<p>320 z\u0142 brutto<\/p>\n<h2>PAKIET 300<\/h2>\n<p>Pakiet 300 to komplet 300 szt. klepsydr, gdzie krzy\u017c t\u0142oczony jest foli\u0105 (hot-stamping)<\/p>\n<p>399 z\u0142 brutto<\/p>\n<h2>PAKIET 400<\/h2>\n<p>Pakiet 400 to komplet 400 szt. klepsydr, gdzie krzy\u017c t\u0142oczony jest foli\u0105 (hot-stamping)<\/p>\n<p>496 z\u0142 brutto<\/p>\n<h1>PAKIET 500<\/h1>\n<p>Pakiet 500 to komplet 500 szt. klepsydr, gdzie krzy\u017c t\u0142oczony jest foli\u0105 (hot-stamping).<br \/>Pakiet 500 to najkorzystniejsza opcja pozwalaj\u0105ca na uzyskanie najni\u017cszej ceny jednostkowej, <br \/>Dodatkowym atutem jest to, i\u017c transport w PAKIECIE 500 jest wliczony w cen\u0119.<\/p>\n<p>579 z\u0142 brutto<\/p>\n<h2>PAKIET 500 MIX<\/h2>\n<p>Pakiet 500 to komplet 500 szt. klepsydr w dowolnym zestawie pi\u0119ciu wybranych wzor\u00f3w, gdzie krzy\u017c t\u0142oczony jest foli\u0105 (hot-stamping).<br \/>Pakiet 500 to najkorzystniejsza opcja pozwalaj\u0105ca na uzyskanie najni\u017cszej ceny jednostkowej,<br \/>Dodatkowym atutem jest to, i\u017c transport w PAKIECIE 500 jest wliczony w cen\u0119.<\/p>\n<p>599 z\u0142 brutto<\/p>\n<h2>Wybierz wz\u00f3r i napisz do nas.<\/h2>\n<form id=\"wpforms-form-140\" data-formid=\"140\" method=\"post\" enctype=\"multipart\/form-data\" action=\"\/wp-admin\/admin-ajax.php\" data-token=\"e4ab33b548aefe27343bee00b6846311\" data-token-time=\"1755173941\"><noscript>Aby wype\u0142ni\u0107 ten formularz, w\u0142\u0105cz obs\u0142ug\u0119 JavaScript w przegl\u0105darce.<\/noscript><label for=\"wpforms-140-field_0\">Imi\u0119 *<\/label><input type=\"text\" id=\"wpforms-140-field_0\" name=\"wpforms[fields][0]\" required><label for=\"wpforms-140-field_1\">Email *<\/label><input type=\"email\" id=\"wpforms-140-field_1\" name=\"wpforms[fields][1]\" spellcheck=\"false\" required><label for=\"wpforms-140-field_6\">Numer telefonu *<\/label><input type=\"number\" id=\"wpforms-140-field_6\" name=\"wpforms[fields][6]\" step=\"any\" required><label for=\"wpforms-140-field_2\">Tre\u015b\u0107 *<\/label><textarea id=\"wpforms-140-field_2\" name=\"wpforms[fields][2]\" required><\/textarea>wpisz swoj\u0105 wiadomos\u0107<!-- .wpforms-field-container --><label for=\"wpforms-140-field-hp\">Phone<\/label><input type=\"text\" name=\"wpforms[hp]\" id=\"wpforms-140-field-hp\"><input type=\"hidden\" name=\"wpforms[id]\" value=\"140\">\t\t\t<input\n\t\t\t\ttype=\"hidden\"\n\t\t\t\tname=\"wpforms[nonce]\"\n\t\t\t\tvalue=\"c8c734af01\"\n\t\t\t\/><br \/>\n\t\t\t<input type=\"hidden\" name=\"page_title\" value=\"{page_title}\"><input type=\"hidden\" name=\"page_url\" value=\"http:\/\/page_url\"><input type=\"hidden\" name=\"url_referer\" value=\"http:\/\/url_referer\"><button type=\"submit\" name=\"wpforms[submit]\" id=\"wpforms-submit-140\" data-alt-text=\"Wy\u015blij\" data-submit-text=\"Submit\" aria-live=\"assertive\" value=\"wpforms-submit\">Submit<\/button><\/form>\n<p>  <!-- .wpforms-container --><\/p>\n","protected":false},"excerpt":{"rendered":"<p>Katalog klepsydr nowoczesnych Mamy przyjemno\u015b\u0107 zaprezentowa\u0107 Pa\u0144stwu Katalog Klepsydr Nowoczesnych. Wykonane grafiki to propozycje, kt\u00f3re w znacznym stopniu odbiegaj\u0105 od tradycyjnych form graficznych. Nowo\u015bci\u0105, kt\u00f3r\u0105 pragniemy przedstawi\u0107 jest technologia t\u0142oczenia foli\u0105 na gor\u0105co, tzw. HOT &#8211; STAMPING. Sygnet na Klepsydrze t\u0142oczony foli\u0105, w postaci krzy\u017ca lub p\u0142omyka, zawsze przyci\u0105gnie wzrok i zwr\u00f3ci uwag\u0119 czytaj\u0105cego. Ponadto [&hellip;]<\/p>\n","protected":false},"author":1,"featured_media":0,"parent":0,"menu_order":0,"comment_status":"closed","ping_status":"closed","template":"","meta":{"footnotes":""},"class_list":["post-6478","page","type-page","status-publish","hentry","entry"],"_links":{"self":[{"href":"https:\/\/allprint.pl\/index.php\/wp-json\/wp\/v2\/pages\/6478","targetHints":{"allow":["GET"]}}],"collection":[{"href":"https:\/\/allprint.pl\/index.php\/wp-json\/wp\/v2\/pages"}],"about":[{"href":"https:\/\/allprint.pl\/index.php\/wp-json\/wp\/v2\/types\/page"}],"author":[{"embeddable":true,"href":"https:\/\/allprint.pl\/index.php\/wp-json\/wp\/v2\/users\/1"}],"replies":[{"embeddable":true,"href":"https:\/\/allprint.pl\/index.php\/wp-json\/wp\/v2\/comments?post=6478"}],"version-history":[{"count":43,"href":"https:\/\/allprint.pl\/index.php\/wp-json\/wp\/v2\/pages\/6478\/revisions"}],"predecessor-version":[{"id":6683,"href":"https:\/\/allprint.pl\/index.php\/wp-json\/wp\/v2\/pages\/6478\/revisions\/6683"}],"wp:attachment":[{"href":"https:\/\/allprint.pl\/index.php\/wp-json\/wp\/v2\/media?parent=6478"}],"curies":[{"name":"wp","href":"https:\/\/api.w.org\/{rel}","templated":true}]}}