{"id":665,"date":"2019-05-17T08:25:11","date_gmt":"2019-05-17T06:25:11","guid":{"rendered":"http:\/\/allprint.pl\/?page_id=665"},"modified":"2019-05-24T10:32:28","modified_gmt":"2019-05-24T08:32:28","slug":"termotransfer","status":"publish","type":"page","link":"https:\/\/allprint.pl\/index.php\/termotransfer\/","title":{"rendered":"Termotransfer"},"content":{"rendered":"<p><img loading=\"lazy\" decoding=\"async\" src=\"http:\/\/allprint.pl\/wp-content\/uploads\/2019\/04\/activ-630.jpg\" alt=\"\" srcset=\"http:\/\/allprint.pl\/wp-content\/uploads\/2019\/04\/activ-630.jpg 630w, http:\/\/allprint.pl\/wp-content\/uploads\/2019\/04\/activ-630-300x227.jpg 300w, http:\/\/allprint.pl\/wp-content\/uploads\/2019\/04\/activ-630-500x379.jpg 500w, http:\/\/allprint.pl\/wp-content\/uploads\/2019\/04\/activ-630-600x454.jpg 600w\" sizes=\"auto, (max-width: 630px) 100vw, 630px\" width=\"630\" height=\"477\"><\/p>\n<h2>Aplikacje wykonane flex&#8217;em<\/h2>\n<p>Technologia oparta na wycinaniu wg zadeklarowanego konturu mikrogumki&nbsp; flex&#8217;u lub flocku i zgrzaniu wyci\u0119tych element\u00f3w z materia\u0142em odpowiednio ustawiaj\u0105c parametry &#8211; temperatura, ci\u015bnienie i czas.<\/p>\n<p>Folie flex i flock wyst\u0119puj\u0105 w szerokiej palecie barw, co pozwala na tworzenie najwy\u017cszej jako\u015bci grafik, tekst\u00f3w etc.<\/p>\n<p>Sta\u0142a niezmienna paleta barw gwarantuje powtarzalno\u015b\u0107 aplikacji w kolejnych zleceniach.<\/p>\n<h2>Aplikacje wykonane subliflock&#8217;iem<\/h2>\n<p>Subliflock jest materia\u0142em na kt\u00f3rym wykonujemy druk sublimacyjny. W kolejnym kroku&nbsp; aplikacja ci\u0119ta jest po obrysie i zgrzewana z materia\u0142em.<\/p>\n<p>Efektem jest ciekawa forma emblematu o charakterystyczny zgrubieniu co podnosi walory estetyczne aplikacji.<\/p>\n<p>W niekt\u00f3rych przypadkach jest to jedyne rozwi\u0105zanie, dzi\u0119ki kt\u00f3remu mo\u017cna wykona\u0107 znkaowanie odzie\u017cy<\/p>\n<p><img loading=\"lazy\" decoding=\"async\" src=\"http:\/\/allprint.pl\/wp-content\/uploads\/2019\/04\/1000.jpg\" alt=\"\" srcset=\"http:\/\/allprint.pl\/wp-content\/uploads\/2019\/04\/1000.jpg 1000w, http:\/\/allprint.pl\/wp-content\/uploads\/2019\/04\/1000-150x150.jpg 150w, http:\/\/allprint.pl\/wp-content\/uploads\/2019\/04\/1000-300x300.jpg 300w, http:\/\/allprint.pl\/wp-content\/uploads\/2019\/04\/1000-768x768.jpg 768w, http:\/\/allprint.pl\/wp-content\/uploads\/2019\/04\/1000-500x500.jpg 500w, http:\/\/allprint.pl\/wp-content\/uploads\/2019\/04\/1000-600x600.jpg 600w, http:\/\/allprint.pl\/wp-content\/uploads\/2019\/04\/1000-100x100.jpg 100w\" sizes=\"auto, (max-width: 1000px) 100vw, 1000px\" width=\"1000\" height=\"1000\"><br \/>\n<img loading=\"lazy\" decoding=\"async\" src=\"http:\/\/allprint.pl\/wp-content\/uploads\/2019\/04\/transfer-i-sublimacja-630.jpg\" alt=\"\" srcset=\"http:\/\/allprint.pl\/wp-content\/uploads\/2019\/04\/transfer-i-sublimacja-630.jpg 630w, http:\/\/allprint.pl\/wp-content\/uploads\/2019\/04\/transfer-i-sublimacja-630-300x219.jpg 300w, http:\/\/allprint.pl\/wp-content\/uploads\/2019\/04\/transfer-i-sublimacja-630-500x364.jpg 500w, http:\/\/allprint.pl\/wp-content\/uploads\/2019\/04\/transfer-i-sublimacja-630-600x437.jpg 600w\" sizes=\"auto, (max-width: 630px) 100vw, 630px\" width=\"630\" height=\"459\"><\/p>\n<h2>Druk sublimacyjny w po\u0142\u0105czeniu z flex&#8217;em<\/h2>\n<p>Na zdj\u0119ciu pokazany jest ciekawy przypadek. Dostarczona koszulka jest w kolorze \u017c\u00f3\u0142tym. Drukowane logo sk\u0142ada\u0142o si\u0119 z dw\u00f3ch kolor\u00f3w: czarny + niebieski.<br \/>\nStosuj\u0105c technologi\u0119 sublimacji otrzymaliby\u015bmy wypadkow\u0105 kolor\u00f3w \u017c\u00f3\u0142tego i niebieskiego czyli co\u015b w obr\u0119bie zieleni.<br \/>\nBy unikn\u0105\u0107 purpury na twarzy klienta&#8230; niebieski napis wykonali\u015bmy z flex&#8217;u dzi\u0119ki czemu uzyskali\u015bmy rumie\u0144 zadowolenia&#8230; \ud83d\ude09<\/p>\n<h2>Aplikacje wykonane z flock&#8217;u<\/h2>\n<p>Flock jest materia\u0142em zamszowym wyst\u0119puj\u0105cym w szerokiej palecie barw. Podobnie jak flex grafika wycinana jest po konturze i transferowana na materia\u0142 przy zachowaniu \u015bcis\u0142ych parametr\u00f3w: czasu, temperatury i ci\u015bnienia.<\/p>\n<p><img loading=\"lazy\" decoding=\"async\" src=\"http:\/\/allprint.pl\/wp-content\/uploads\/2019\/05\/flock-1002x1024.jpg\" alt=\"\" srcset=\"http:\/\/allprint.pl\/wp-content\/uploads\/2019\/05\/flock-1002x1024.jpg 1002w, http:\/\/allprint.pl\/wp-content\/uploads\/2019\/05\/flock-294x300.jpg 294w, http:\/\/allprint.pl\/wp-content\/uploads\/2019\/05\/flock-768x785.jpg 768w, http:\/\/allprint.pl\/wp-content\/uploads\/2019\/05\/flock-500x511.jpg 500w, http:\/\/allprint.pl\/wp-content\/uploads\/2019\/05\/flock-300x306.jpg 300w, http:\/\/allprint.pl\/wp-content\/uploads\/2019\/05\/flock-600x613.jpg 600w, http:\/\/allprint.pl\/wp-content\/uploads\/2019\/05\/flock.jpg 1159w\" sizes=\"auto, (max-width: 1002px) 100vw, 1002px\" width=\"1002\" height=\"1024\"><\/p>\n","protected":false},"excerpt":{"rendered":"<p>Aplikacje wykonane flex&#8217;em Technologia oparta na wycinaniu wg zadeklarowanego konturu mikrogumki&nbsp; flex&#8217;u lub flocku i zgrzaniu wyci\u0119tych element\u00f3w z materia\u0142em odpowiednio ustawiaj\u0105c parametry &#8211; temperatura, ci\u015bnienie i czas. Folie flex i flock wyst\u0119puj\u0105 w szerokiej palecie barw, co pozwala na tworzenie najwy\u017cszej jako\u015bci grafik, tekst\u00f3w etc. Sta\u0142a niezmienna paleta barw gwarantuje powtarzalno\u015b\u0107 aplikacji w kolejnych [&hellip;]<\/p>\n","protected":false},"author":1,"featured_media":0,"parent":0,"menu_order":0,"comment_status":"closed","ping_status":"closed","template":"","meta":{"footnotes":""},"class_list":["post-665","page","type-page","status-publish","hentry","entry"],"_links":{"self":[{"href":"https:\/\/allprint.pl\/index.php\/wp-json\/wp\/v2\/pages\/665","targetHints":{"allow":["GET"]}}],"collection":[{"href":"https:\/\/allprint.pl\/index.php\/wp-json\/wp\/v2\/pages"}],"about":[{"href":"https:\/\/allprint.pl\/index.php\/wp-json\/wp\/v2\/types\/page"}],"author":[{"embeddable":true,"href":"https:\/\/allprint.pl\/index.php\/wp-json\/wp\/v2\/users\/1"}],"replies":[{"embeddable":true,"href":"https:\/\/allprint.pl\/index.php\/wp-json\/wp\/v2\/comments?post=665"}],"version-history":[{"count":5,"href":"https:\/\/allprint.pl\/index.php\/wp-json\/wp\/v2\/pages\/665\/revisions"}],"predecessor-version":[{"id":721,"href":"https:\/\/allprint.pl\/index.php\/wp-json\/wp\/v2\/pages\/665\/revisions\/721"}],"wp:attachment":[{"href":"https:\/\/allprint.pl\/index.php\/wp-json\/wp\/v2\/media?parent=665"}],"curies":[{"name":"wp","href":"https:\/\/api.w.org\/{rel}","templated":true}]}}