{"id":709,"date":"2019-05-24T08:32:59","date_gmt":"2019-05-24T06:32:59","guid":{"rendered":"http:\/\/allprint.pl\/?page_id=709"},"modified":"2019-05-24T10:31:35","modified_gmt":"2019-05-24T08:31:35","slug":"sublimacja-2","status":"publish","type":"page","link":"https:\/\/allprint.pl\/index.php\/sublimacja-2\/","title":{"rendered":"Sublimacja"},"content":{"rendered":"<p>Co to takiego? Definicja w necie brzmi z\u0142owieszczo:<\/p>\n<p>\u201e&#8230;przemiana fazowa bezpo\u015bredniego przej\u015bcia ze stanu sta\u0142ego w stan gazowy z pomini\u0119ciem stanu ciek\u0142ego\u201d<\/p>\n<p>&#8230; i wszystko jasne&#8230; , \u017ceby nie powiedzie\u0107 OSRAM&#8230; \ud83d\ude09<\/p>\n<p>Do rzeczy, druk wykonuje si\u0119 w pierwszej fazie na matrycy papierowej, specjalnymi sublimacyjnymi farbami w CMYK na dowolnej drukarce ma\u0142ej czy du\u017cej, ale&nbsp; z g\u0142owic\u0105 <a href=\"https:\/\/pl.wikipedia.org\/wiki\/Drukarka_atramentowa\" target=\"_blank\" rel=\"noopener noreferrer\">pizoelektryczn\u0105. <\/a>W drugiej fazie matryc\u0119 wraz z materia\u0142em umieszcza si\u0119 w prasie termosublimacyjnej i przy odpowiednim ustawieniu parametr\u00f3w &#8211; czasu, temperatury i ci\u015bnienia &#8211; przenosi si\u0119 obraz z matrycy na materia\u0142. Pod wp\u0142ywem w\/w parametr\u00f3w wyschni\u0119ty na matrycy tusz zmienia si\u0119 w stan lotny i wnika w materia\u0142.<a href=\"https:\/\/pl.wikipedia.org\/wiki\/Drukarka_atramentowa\" target=\"_blank\" rel=\"noopener noreferrer\"><br \/>\n<\/a>Technologia ma zastosowanie tak w ma\u0142ych gad\u017cetach jak i w drukach z roli o szeroko\u015bciach nawoju do kilku metr\u00f3w. <a href=\"https:\/\/pl.wikipedia.org\/wiki\/Drukarka_atramentowa\" target=\"_blank\" rel=\"noopener noreferrer\"><br \/>\n<\/a><\/p>\n<p><img loading=\"lazy\" decoding=\"async\" src=\"http:\/\/allprint.pl\/wp-content\/uploads\/2019\/05\/Jetflock.jpg\" alt=\"\" srcset=\"http:\/\/allprint.pl\/wp-content\/uploads\/2019\/05\/Jetflock.jpg 749w, http:\/\/allprint.pl\/wp-content\/uploads\/2019\/05\/Jetflock-248x300.jpg 248w, http:\/\/allprint.pl\/wp-content\/uploads\/2019\/05\/Jetflock-500x605.jpg 500w, http:\/\/allprint.pl\/wp-content\/uploads\/2019\/05\/Jetflock-300x363.jpg 300w, http:\/\/allprint.pl\/wp-content\/uploads\/2019\/05\/Jetflock-600x726.jpg 600w\" sizes=\"auto, (max-width: 749px) 100vw, 749px\" width=\"749\" height=\"906\"><br \/>\n<img loading=\"lazy\" decoding=\"async\" src=\"http:\/\/allprint.pl\/wp-content\/uploads\/2019\/04\/transfer-i-sublimacja-630.jpg\" alt=\"\" srcset=\"http:\/\/allprint.pl\/wp-content\/uploads\/2019\/04\/transfer-i-sublimacja-630.jpg 630w, http:\/\/allprint.pl\/wp-content\/uploads\/2019\/04\/transfer-i-sublimacja-630-300x219.jpg 300w, http:\/\/allprint.pl\/wp-content\/uploads\/2019\/04\/transfer-i-sublimacja-630-500x364.jpg 500w, http:\/\/allprint.pl\/wp-content\/uploads\/2019\/04\/transfer-i-sublimacja-630-600x437.jpg 600w\" sizes=\"auto, (max-width: 630px) 100vw, 630px\" width=\"630\" height=\"459\"><\/p>\n<p>Na pokazanym przyk\u0142adzie zastosowane zosta\u0142y dwie technologie: sublimacja i termotransfer foli\u0105 flex. Takie rozwi\u0105zanie wynika z dzianiny w kolorze \u017c\u00f3\u0142tym. Druk sublimacyjny niebiesk\u0105 farb\u0105 na z\u00f3\u0142tym materiale da\u0142by wynik wypadkowej tych dw\u00f3ch kolor\u00f3w &#8211; co\u015b w obr\u0119bie zieleni.<br \/>\nA to z kolei da\u0142oby barw\u0119 purpury na twarzy klienta i gromki \u015bmiech&#8230; \ud83d\ude09<\/p>\n","protected":false},"excerpt":{"rendered":"<p>Co to takiego? Definicja w necie brzmi z\u0142owieszczo: \u201e&#8230;przemiana fazowa bezpo\u015bredniego przej\u015bcia ze stanu sta\u0142ego w stan gazowy z pomini\u0119ciem stanu ciek\u0142ego\u201d &#8230; i wszystko jasne&#8230; , \u017ceby nie powiedzie\u0107 OSRAM&#8230; \ud83d\ude09 Do rzeczy, druk wykonuje si\u0119 w pierwszej fazie na matrycy papierowej, specjalnymi sublimacyjnymi farbami w CMYK na dowolnej drukarce ma\u0142ej czy du\u017cej, ale&nbsp; [&hellip;]<\/p>\n","protected":false},"author":1,"featured_media":0,"parent":0,"menu_order":0,"comment_status":"closed","ping_status":"closed","template":"","meta":{"footnotes":""},"class_list":["post-709","page","type-page","status-publish","hentry","entry"],"_links":{"self":[{"href":"https:\/\/allprint.pl\/index.php\/wp-json\/wp\/v2\/pages\/709","targetHints":{"allow":["GET"]}}],"collection":[{"href":"https:\/\/allprint.pl\/index.php\/wp-json\/wp\/v2\/pages"}],"about":[{"href":"https:\/\/allprint.pl\/index.php\/wp-json\/wp\/v2\/types\/page"}],"author":[{"embeddable":true,"href":"https:\/\/allprint.pl\/index.php\/wp-json\/wp\/v2\/users\/1"}],"replies":[{"embeddable":true,"href":"https:\/\/allprint.pl\/index.php\/wp-json\/wp\/v2\/comments?post=709"}],"version-history":[{"count":4,"href":"https:\/\/allprint.pl\/index.php\/wp-json\/wp\/v2\/pages\/709\/revisions"}],"predecessor-version":[{"id":719,"href":"https:\/\/allprint.pl\/index.php\/wp-json\/wp\/v2\/pages\/709\/revisions\/719"}],"wp:attachment":[{"href":"https:\/\/allprint.pl\/index.php\/wp-json\/wp\/v2\/media?parent=709"}],"curies":[{"name":"wp","href":"https:\/\/api.w.org\/{rel}","templated":true}]}}