{"id":722,"date":"2019-05-24T15:30:34","date_gmt":"2019-05-24T13:30:34","guid":{"rendered":"http:\/\/allprint.pl\/?page_id=722"},"modified":"2019-05-24T16:02:09","modified_gmt":"2019-05-24T14:02:09","slug":"sitodruk-na-tkaninach","status":"publish","type":"page","link":"https:\/\/allprint.pl\/index.php\/sitodruk-na-tkaninach\/","title":{"rendered":"Sitodruk na tkaninach"},"content":{"rendered":"<p><img loading=\"lazy\" decoding=\"async\" width=\"732\" height=\"1024\" src=\"http:\/\/allprint.pl\/wp-content\/uploads\/2019\/04\/sito-2-732x1024.jpg\" alt=\"\" srcset=\"http:\/\/allprint.pl\/wp-content\/uploads\/2019\/04\/sito-2-732x1024.jpg 732w, http:\/\/allprint.pl\/wp-content\/uploads\/2019\/04\/sito-2-214x300.jpg 214w, http:\/\/allprint.pl\/wp-content\/uploads\/2019\/04\/sito-2-768x1075.jpg 768w, http:\/\/allprint.pl\/wp-content\/uploads\/2019\/04\/sito-2-500x700.jpg 500w, http:\/\/allprint.pl\/wp-content\/uploads\/2019\/04\/sito-2-300x420.jpg 300w, http:\/\/allprint.pl\/wp-content\/uploads\/2019\/04\/sito-2-600x840.jpg 600w, http:\/\/allprint.pl\/wp-content\/uploads\/2019\/04\/sito-2.jpg 1082w\" sizes=\"auto, (max-width: 732px) 100vw, 732px\" \/>\t\t\t\t\t\t\t\t\t\t\t<\/p>\n<p>Druk sitowy, sitodruk, serigrafia \u2013 technika druku, w kt\u00f3rej form\u0105 drukow\u0105 jest szablon na\u0142o\u017cony na drobn\u0105 siatk\u0119 tkan\u0105, metalow\u0105 lub wykonan\u0105 z w\u0142\u00f3kien syntetycznych. Wykonanie odbitki polega na przet\u0142aczaniu farby przez matryc\u0119<\/p>\n<p>W XII wieku <strong>sitodruk<\/strong> zosta\u0142 udoskonalony przez Yuzensai Miyasakiego, kt\u00f3ry zacz\u0105\u0142 go u\u017cywa\u0107 do ozdabiania kimon. Pewnego razu usiad\u0142 on sobie w swoim papierowym domu i zacz\u0105\u0142 g\u0142\u0119boko zastanawia\u0107 si\u0119, w jaki spos\u00f3b mo\u017cna jeszcze pi\u0119kniej ozdabia\u0107, znane i cenione w ca\u0142ym \u015bwiecie, japo\u0144skie kimona. Opracowa\u0142 system skomplikowanych szablon\u00f3w i wielokolorowego druku przy ich u\u017cyciu. Nie by\u0142 to jednak sitodruk jaki znamy dzisiaj. Na ten musieli\u015bmy poczeka\u0107 a\u017c do wieku XIX kiedy to Zisukeo Hirose wynalaz\u0142 sw\u00f3j specjalny szablon zwany katagami. Szablon i farba nanoszone by\u0142y na siatk\u0119 z ludzkich lub zwierz\u0119cych w\u0142os\u00f3w, osadzonych w drewnianej ramie.<\/p>\n<p>\u00a0<\/p>\n<p>Sitodruk uruchamiamy przy zleceniach od 100 szt. Doskona\u0142e efekty krycia, trwa\u0142o\u015b\u0107 nadruku, intensywno\u015b\u0107 barw, to tylko kilka z zalet sitodruku.<\/p>\n<p>\u00a0<\/p>\n<p>W po\u0142owie XX wieku, ta technika druku sta\u0142a si\u0119 wiod\u0105c\u0105 w\u015br\u00f3d artyst\u00f3w nurt\u00f3w op-art. I pop-art. Zapewne kojarzysz obraz Andy\u2019ego Warhola przedstawiaj\u0105cy Marilyn Monroe w kilku wersjach kolorystycznych. Zosta\u0142 on wykonany w\u0142a\u015bnie technik\u0105 sitodruku.<\/p>\n<p>\t\t\t\t\t\t\t\t\t\t<img loading=\"lazy\" decoding=\"async\" width=\"600\" height=\"600\" src=\"http:\/\/allprint.pl\/wp-content\/uploads\/2019\/05\/Andi-Warchol.jpg\" alt=\"\" srcset=\"http:\/\/allprint.pl\/wp-content\/uploads\/2019\/05\/Andi-Warchol.jpg 600w, http:\/\/allprint.pl\/wp-content\/uploads\/2019\/05\/Andi-Warchol-150x150.jpg 150w, http:\/\/allprint.pl\/wp-content\/uploads\/2019\/05\/Andi-Warchol-300x300.jpg 300w, http:\/\/allprint.pl\/wp-content\/uploads\/2019\/05\/Andi-Warchol-500x500.jpg 500w, http:\/\/allprint.pl\/wp-content\/uploads\/2019\/05\/Andi-Warchol-100x100.jpg 100w\" sizes=\"auto, (max-width: 600px) 100vw, 600px\" \/><\/p>\n","protected":false},"excerpt":{"rendered":"<p>Druk sitowy, sitodruk, serigrafia \u2013 technika druku, w kt\u00f3rej form\u0105 drukow\u0105 jest szablon na\u0142o\u017cony na drobn\u0105 siatk\u0119 tkan\u0105, metalow\u0105 lub wykonan\u0105 z w\u0142\u00f3kien syntetycznych. Wykonanie odbitki polega na przet\u0142aczaniu farby przez matryc\u0119 W XII wieku sitodruk zosta\u0142 udoskonalony przez Yuzensai Miyasakiego, kt\u00f3ry zacz\u0105\u0142 go u\u017cywa\u0107 do ozdabiania kimon. Pewnego razu usiad\u0142 on sobie w swoim [&hellip;]<\/p>\n","protected":false},"author":1,"featured_media":0,"parent":0,"menu_order":0,"comment_status":"closed","ping_status":"closed","template":"","meta":{"footnotes":""},"class_list":["post-722","page","type-page","status-publish","hentry","entry"],"_links":{"self":[{"href":"https:\/\/allprint.pl\/index.php\/wp-json\/wp\/v2\/pages\/722","targetHints":{"allow":["GET"]}}],"collection":[{"href":"https:\/\/allprint.pl\/index.php\/wp-json\/wp\/v2\/pages"}],"about":[{"href":"https:\/\/allprint.pl\/index.php\/wp-json\/wp\/v2\/types\/page"}],"author":[{"embeddable":true,"href":"https:\/\/allprint.pl\/index.php\/wp-json\/wp\/v2\/users\/1"}],"replies":[{"embeddable":true,"href":"https:\/\/allprint.pl\/index.php\/wp-json\/wp\/v2\/comments?post=722"}],"version-history":[{"count":3,"href":"https:\/\/allprint.pl\/index.php\/wp-json\/wp\/v2\/pages\/722\/revisions"}],"predecessor-version":[{"id":729,"href":"https:\/\/allprint.pl\/index.php\/wp-json\/wp\/v2\/pages\/722\/revisions\/729"}],"wp:attachment":[{"href":"https:\/\/allprint.pl\/index.php\/wp-json\/wp\/v2\/media?parent=722"}],"curies":[{"name":"wp","href":"https:\/\/api.w.org\/{rel}","templated":true}]}}