{"id":8,"date":"2019-03-11T17:19:46","date_gmt":"2019-03-11T16:19:46","guid":{"rendered":"http:\/\/wordpress1938779.home.pl\/autoinstalator\/wordpresswoocommerce\/?page_id=8"},"modified":"2022-05-14T15:51:52","modified_gmt":"2022-05-14T13:51:52","slug":"strona-glowna","status":"publish","type":"page","link":"https:\/\/allprint.pl\/","title":{"rendered":"Strona g\u0142\u00f3wna"},"content":{"rendered":"<h1><a href=\"https:\/\/allprint.pl\/index.php\/strona-glowna\/o-nas\/\">Dlaczego Allprint?<\/a><\/h1>\n<p>Przede wszystkim stawiamy na relacj\u0119.<br \/>\nOpieramy si\u0119 na do\u015bwiadczeniu jednak nie spoczywamy na nim.<br \/>\nSzanujemy osi\u0105gni\u0119cia innych i ch\u0119tnie si\u0119 uczymy.<br \/>\nJeste\u015bmy otwarci na wsp\u00f3\u0142prac\u0119.<\/p>\n<h1><a href=\"https:\/\/allprint.pl\/index.php\/uslugi\/\">Co robimy?<\/a><\/h1>\n<p>Oczekujemy, zgodnie z Bo\u017c\u0105 obietnic\u0105,<br \/>\nnowych niebios i nowej Ziemii,&nbsp;gdzie panuje sprawiedliwo\u015b\u0107.&nbsp;<\/p>\n<p>&#8230;a tymczasem wymy\u015blamy, sk\u0142adamy, drukujemy i &#8230;wyka\u0144czamy \ud83d\ude09<\/p>\n<figure><img decoding=\"async\" src=\"http:\/\/allprint.pl\/wp-content\/uploads\/elementor\/thumbs\/plakat-o7jexrk3kd3e9136zsjp6k1dwd6s0r4987m21m6ess.jpg\" title=\"plakat\" alt=\"plakat\"><\/figure>\n<h3>Optymilizacja<\/h3>\n<p>Sprowadzimy Twoje wyobra\u017cenie<br \/>\ndo mo\u017cliwo\u015bci posiadanego bud\u017cetu. Zaproponujemy najlepsze rozwi\u0105zanie<br \/>\nw ramach technologicznych jakie daje poligrafia.<\/p>\n<figure><img decoding=\"async\" src=\"http:\/\/allprint.pl\/wp-content\/uploads\/2019\/04\/0002.jpg\" alt=\"\" loading=\"lazy\" srcset=\"https:\/\/allprint.pl\/wp-content\/uploads\/2019\/04\/0002.jpg 800w, https:\/\/allprint.pl\/wp-content\/uploads\/2019\/04\/0002-300x188.jpg 300w, https:\/\/allprint.pl\/wp-content\/uploads\/2019\/04\/0002-600x376.jpg 600w, https:\/\/allprint.pl\/wp-content\/uploads\/2019\/04\/0002-768x481.jpg 768w, https:\/\/allprint.pl\/wp-content\/uploads\/2019\/04\/0002-500x313.jpg 500w\" sizes=\"auto, (max-width: 800px) 100vw, 800px\" width=\"800\" height=\"501\"><\/figure>\n<h3>Przygotowanie<\/h3>\n<p>Mo\u017cesz spa\u0107 spokojnie \ud83d\ude09<br \/>\nDTP to nasz chleb powszedni.<br \/>\nZaprojektujemy i przygotujemy<br \/>\nwe w\u0142a\u015bciwy spos\u00f3b Tw\u00f3j pomys\u0142.<br \/>\nNadamy w\u0142a\u015bciwe parametry dla jego przeznaczenia.<\/p>\n<figure><img decoding=\"async\" src=\"http:\/\/allprint.pl\/wp-content\/uploads\/elementor\/thumbs\/Wrebowa-600-1-o7jexrk3kd3e9136zsjp6k1dwd6s0r4987m21m6ess.jpg\" title=\"Wrebowa 600\" alt=\"Wrebowa 600\"><\/figure>\n<h3>Wykonanie<\/h3>\n<p>Podejmujemy wyzwania ponadnormatywne. Nie trzymamy si\u0119 szablonowych rozwi\u0105za\u0144. Musisz jedynie zada\u0107 sobie jedno pytanie &#8230;<br \/>\nale o tym na miejscu&#8230; \ud83d\ude09<\/p>\n<figure><img decoding=\"async\" src=\"http:\/\/allprint.pl\/wp-content\/uploads\/elementor\/thumbs\/ekspozytor-o7jexrk3kd3e9136zsjp6k1dwd6s0r4987m21m6ess.jpg\" title=\"ekspozytor\" alt=\"ekspozytor\"><\/figure>\n<h3>Efekt<\/h3>\n<p>Pracujemy, by Ci\u0119 pozytywnie zaskoczy\u0107. Nasze realizacje reklamuj\u0105 si\u0119 same&#8230; \ud83d\ude09<br \/>\nOpieramy si\u0119 g\u0142\u00f3wnie na marketingu szeptanym, a to zobowi\u0105zuje&#8230;<\/p>\n<h3>\n\t\t\t\t\tTo jest blisko Ciebie<\/h3>\n<p>Jeste\u015b we w\u0142a\u015bciwym miejscu. Tu zrealizujesz swoje zlecenie. Nie wa\u017cne,<br \/>\nczy to jest jedna sztuka czy te\u017c zlecenie wielonak\u0142adowe.&nbsp;Jeste\u015bmy<br \/>\notwarci na wsp\u00f3\u0142prac\u0119, elastyczni co do cen, posiadamy wieloletnie<br \/>\ndo\u015bwiadczenie poligraficzne.&nbsp;Wykonujemy wszelkiego rodzaju druki<br \/>\njednostkowe&nbsp;i wielonak\u0142adowe. Stosujemy r\u00f3\u017cne technologie drukarskie,<br \/>\nw\u0142a\u015bciwe dla danego zlecenia.&nbsp;Obs\u0142ugujemy klient\u00f3w instytucjonalnych jak<br \/>\ni klient\u00f3w indywidualnych.<br \/>\nNastawieni jeste\u015bmy na wieloletni\u0105<br \/>\nwsp\u00f3\u0142prac\u0119.<\/p>\n","protected":false},"excerpt":{"rendered":"<p>Dlaczego Allprint? Przede wszystkim stawiamy na relacj\u0119. Opieramy si\u0119 na do\u015bwiadczeniu jednak nie spoczywamy na nim. Szanujemy osi\u0105gni\u0119cia innych i ch\u0119tnie si\u0119 uczymy. Jeste\u015bmy otwarci na wsp\u00f3\u0142prac\u0119. Co robimy? Oczekujemy, zgodnie z Bo\u017c\u0105 obietnic\u0105, nowych niebios i nowej Ziemii,&nbsp;gdzie panuje sprawiedliwo\u015b\u0107.&nbsp; &#8230;a tymczasem wymy\u015blamy, sk\u0142adamy, drukujemy i &#8230;wyka\u0144czamy \ud83d\ude09 Optymilizacja Sprowadzimy Twoje wyobra\u017cenie do mo\u017cliwo\u015bci [&hellip;]<\/p>\n","protected":false},"author":1,"featured_media":0,"parent":0,"menu_order":0,"comment_status":"closed","ping_status":"closed","template":"","meta":{"footnotes":""},"class_list":["post-8","page","type-page","status-publish","hentry","entry"],"_links":{"self":[{"href":"https:\/\/allprint.pl\/index.php\/wp-json\/wp\/v2\/pages\/8","targetHints":{"allow":["GET"]}}],"collection":[{"href":"https:\/\/allprint.pl\/index.php\/wp-json\/wp\/v2\/pages"}],"about":[{"href":"https:\/\/allprint.pl\/index.php\/wp-json\/wp\/v2\/types\/page"}],"author":[{"embeddable":true,"href":"https:\/\/allprint.pl\/index.php\/wp-json\/wp\/v2\/users\/1"}],"replies":[{"embeddable":true,"href":"https:\/\/allprint.pl\/index.php\/wp-json\/wp\/v2\/comments?post=8"}],"version-history":[{"count":80,"href":"https:\/\/allprint.pl\/index.php\/wp-json\/wp\/v2\/pages\/8\/revisions"}],"predecessor-version":[{"id":6546,"href":"https:\/\/allprint.pl\/index.php\/wp-json\/wp\/v2\/pages\/8\/revisions\/6546"}],"wp:attachment":[{"href":"https:\/\/allprint.pl\/index.php\/wp-json\/wp\/v2\/media?parent=8"}],"curies":[{"name":"wp","href":"https:\/\/api.w.org\/{rel}","templated":true}]}}