{"id":9,"date":"2019-03-11T18:15:25","date_gmt":"2019-03-11T17:15:25","guid":{"rendered":"http:\/\/wordpress1938779.home.pl\/autoinstalator\/wordpresswoocommerce\/?page_id=9"},"modified":"2020-01-30T12:00:43","modified_gmt":"2020-01-30T11:00:43","slug":"o-nas","status":"publish","type":"page","link":"https:\/\/allprint.pl\/index.php\/strona-glowna\/o-nas\/","title":{"rendered":"O nas"},"content":{"rendered":"<p><img loading=\"lazy\" decoding=\"async\" src=\"http:\/\/allprint.pl\/wp-content\/uploads\/2019\/03\/all-czcionka-1-1024x263.png\" alt=\"\" srcset=\"http:\/\/allprint.pl\/wp-content\/uploads\/2019\/03\/all-czcionka-1-1024x263.png 1024w, http:\/\/allprint.pl\/wp-content\/uploads\/2019\/03\/all-czcionka-1-300x77.png 300w, http:\/\/allprint.pl\/wp-content\/uploads\/2019\/03\/all-czcionka-1-600x154.png 600w, http:\/\/allprint.pl\/wp-content\/uploads\/2019\/03\/all-czcionka-1-768x197.png 768w\" sizes=\"auto, (max-width: 1024px) 100vw, 1024px\" width=\"1024\" height=\"263\"><br \/>\nPAN w\u0142o\u017cy\u0142 w serca nasze pasj\u0119. W Allprint znajdziesz pasjonat\u00f3w. Wprowadzimy Ci\u0119<br \/>\nw tajniki drukarskie, odkryjemy przed Tob\u0105 g\u0142\u0119bie map bitowych, przeprowadzimy przez krain\u0119 RGB, poka\u017cemy wy\u017cyny LAB i sprowadzimy na niziny CMYK. Uchylimy tajniki nieokrzesanych pikseli, kt\u00f3rych j\u0119zyk poznali\u015bmy w przeci\u0105gu trzydziestu lat pracy z nimi. B\u0119dziemy Twoim t\u0142umaczem w zrozumieniu ich, czego efektem b\u0119dzie porozumienie po mi\u0119dzy Tob\u0105 a sanhedrynem algorytm\u00f3w decyduj\u0105cych o wygl\u0105dzie Twojego obrazu. Wsp\u00f3\u0142pracuj\u0105c z nami odnajdziesz pewno\u015b\u0107 i zrozumienie oraz kontrol\u0119 nad procesem druku.&nbsp;<\/p>\n<p>Pi\u0119knie to brzmi\u2026 ale r\u00f3wnie\u017c jeste\u015bmy tylko lud\u017ami. Pope\u0142niamy b\u0142\u0119dy, jednak\u017ce nie tkwimy w nich, omawiamy je, naprawiamy i wyci\u0105gamy wnioski, by w przysz\u0142o\u015bci omija\u0107 je. Do\u0142\u0105czaj\u0105c do nas, we wszelkich procesach, przejdziesz po przez do\u015bwiadczenie poligraficzne, kt\u00f3re odkryje przed Tob\u0105 tajniki i mo\u017cliwo\u015bci tradycyjnego drukarstwa oraz najnowocze\u015bniejszych technologii cyfrowych.<\/p>\n<p>Pozosta\u0144 z nami.<\/p>\n<h2>Kilka naszych realizacji<\/h2>\n<div style=\"width: 640px;\" class=\"wp-video\"><video class=\"wp-video-shortcode\" id=\"video-9-1\" width=\"640\" height=\"360\" preload=\"metadata\" controls=\"controls\"><source type=\"video\/mp4\" src=\"http:\/\/allprint.pl\/wp-content\/uploads\/2019\/05\/Nasze-realizacje-1.mp4?_=1\" \/><a href=\"http:\/\/allprint.pl\/wp-content\/uploads\/2019\/05\/Nasze-realizacje-1.mp4\">http:\/\/allprint.pl\/wp-content\/uploads\/2019\/05\/Nasze-realizacje-1.mp4<\/a><\/video><\/div>\n","protected":false},"excerpt":{"rendered":"<p>PAN w\u0142o\u017cy\u0142 w serca nasze pasj\u0119. W Allprint znajdziesz pasjonat\u00f3w. Wprowadzimy Ci\u0119 w tajniki drukarskie, odkryjemy przed Tob\u0105 g\u0142\u0119bie map bitowych, przeprowadzimy przez krain\u0119 RGB, poka\u017cemy wy\u017cyny LAB i sprowadzimy na niziny CMYK. Uchylimy tajniki nieokrzesanych pikseli, kt\u00f3rych j\u0119zyk poznali\u015bmy w przeci\u0105gu trzydziestu lat pracy z nimi. B\u0119dziemy Twoim t\u0142umaczem w zrozumieniu ich, czego efektem [&hellip;]<\/p>\n","protected":false},"author":1,"featured_media":44,"parent":8,"menu_order":0,"comment_status":"closed","ping_status":"closed","template":"","meta":{"footnotes":""},"class_list":["post-9","page","type-page","status-publish","has-post-thumbnail","hentry","entry","has-media"],"_links":{"self":[{"href":"https:\/\/allprint.pl\/index.php\/wp-json\/wp\/v2\/pages\/9","targetHints":{"allow":["GET"]}}],"collection":[{"href":"https:\/\/allprint.pl\/index.php\/wp-json\/wp\/v2\/pages"}],"about":[{"href":"https:\/\/allprint.pl\/index.php\/wp-json\/wp\/v2\/types\/page"}],"author":[{"embeddable":true,"href":"https:\/\/allprint.pl\/index.php\/wp-json\/wp\/v2\/users\/1"}],"replies":[{"embeddable":true,"href":"https:\/\/allprint.pl\/index.php\/wp-json\/wp\/v2\/comments?post=9"}],"version-history":[{"count":10,"href":"https:\/\/allprint.pl\/index.php\/wp-json\/wp\/v2\/pages\/9\/revisions"}],"predecessor-version":[{"id":645,"href":"https:\/\/allprint.pl\/index.php\/wp-json\/wp\/v2\/pages\/9\/revisions\/645"}],"up":[{"embeddable":true,"href":"https:\/\/allprint.pl\/index.php\/wp-json\/wp\/v2\/pages\/8"}],"wp:featuredmedia":[{"embeddable":true,"href":"https:\/\/allprint.pl\/index.php\/wp-json\/wp\/v2\/media\/44"}],"wp:attachment":[{"href":"https:\/\/allprint.pl\/index.php\/wp-json\/wp\/v2\/media?parent=9"}],"curies":[{"name":"wp","href":"https:\/\/api.w.org\/{rel}","templated":true}]}}